{"id":10584,"date":"2022-08-02T16:28:29","date_gmt":"2022-08-02T14:28:29","guid":{"rendered":"https:\/\/www.lessaveursdespagne.com\/?post_type=product&#038;p=10584"},"modified":"2026-05-13T10:47:49","modified_gmt":"2026-05-13T08:47:49","slug":"huile-dolive-extra-vierge-500ml","status":"publish","type":"product","link":"https:\/\/www.lessaveursdespagne.com\/en\/product\/huile-dolive-extra-vierge-500ml\/","title":{"rendered":"Huile d\u2019olive Extra Vierge 500ml"},"content":{"rendered":"<p>Huile d\u2019olive Extra Vierge 500ml provenant d\u2019olives collect\u00e9es, produites et emball\u00e9es par le Moulin de Taramilla situ\u00e9 \u00e0 Prado Del Rey (Cadix). Une huile produite \u00e0 partir d\u2019olives de montagnes. Le moulin de Taramilla regroupe dans ses alentours de petits groupes d\u2019agriculteurs de la Sierra de Cadix qui conservent leurs petites plantations h\u00e9rit\u00e9es de p\u00e8re en fils et qui ont permis leur conservation gr\u00e2ce \u00e0 la valeur sentimentale que cette terre leur a apport\u00e9e.<\/p>\n","protected":false},"excerpt":{"rendered":"<p>Huile d\u2019olive Extra Vierge 500ml provenant d\u2019olives collect\u00e9es, produites et emball\u00e9es par le Moulin de Taramilla situ\u00e9 \u00e0 Prado Del Rey (Cadix).<\/p>\n","protected":false},"featured_media":10585,"comment_status":"open","ping_status":"closed","template":"","meta":{"inline_featured_image":false},"product_cat":[102],"product_tag":[],"class_list":{"0":"post-10584","1":"product","2":"type-product","3":"status-publish","4":"has-post-thumbnail","6":"product_cat-https-www-lessaveursdespagne-com-categorie-de-produit-huile-dolive","8":"first","9":"instock","10":"taxable","11":"shipping-taxable","12":"purchasable","13":"product-type-simple"},"yoast_head":"<!-- This site is optimized with the Yoast SEO plugin v27.6 - https:\/\/yoast.com\/product\/yoast-seo-wordpress\/ -->\n<title>Huile d\u2019olive Extra Vierge 500ml<\/title>\n<meta name=\"description\" content=\"Huile d\u2019olive Extra Vierge 500ml provenant d\u2019olives collect\u00e9es, produites et emball\u00e9es par le Moulin de Taramilla situ\u00e9 \u00e0 Prado Del Rey (Cadix).\" \/>\n<meta name=\"robots\" content=\"index, follow, max-snippet:-1, max-image-preview:large, max-video-preview:-1\" \/>\n<link rel=\"canonical\" href=\"https:\/\/www.lessaveursdespagne.com\/en\/product\/huile-dolive-extra-vierge-500ml\/\" \/>\n<meta property=\"og:locale\" content=\"en_US\" \/>\n<meta property=\"og:type\" content=\"article\" \/>\n<meta property=\"og:title\" content=\"Huile d\u2019olive Extra Vierge 500ml\" \/>\n<meta property=\"og:description\" content=\"Huile d\u2019olive Extra Vierge 500ml provenant d\u2019olives collect\u00e9es, produites et emball\u00e9es par le Moulin de Taramilla situ\u00e9 \u00e0 Prado Del Rey (Cadix).\" \/>\n<meta property=\"og:url\" content=\"https:\/\/www.lessaveursdespagne.com\/en\/product\/huile-dolive-extra-vierge-500ml\/\" \/>\n<meta property=\"og:site_name\" content=\"Les Saveurs d&#039;Espagne\" \/>\n<meta property=\"article:modified_time\" content=\"2026-05-13T08:47:49+00:00\" \/>\n<meta property=\"og:image\" content=\"https:\/\/www.lessaveursdespagne.com\/wp-content\/uploads\/2022\/08\/huile-500ml.jpg\" \/>\n\t<meta property=\"og:image:width\" content=\"660\" \/>\n\t<meta property=\"og:image:height\" content=\"660\" \/>\n\t<meta property=\"og:image:type\" content=\"image\/jpeg\" \/>\n<meta name=\"twitter:card\" content=\"summary_large_image\" \/>\n<meta name=\"twitter:label1\" content=\"Est. reading time\" \/>\n\t<meta name=\"twitter:data1\" content=\"1 minute\" \/>\n<script type=\"application\/ld+json\" class=\"yoast-schema-graph\">{\"@context\":\"https:\\\/\\\/schema.org\",\"@graph\":[{\"@type\":\"WebPage\",\"@id\":\"https:\\\/\\\/www.lessaveursdespagne.com\\\/en\\\/product\\\/huile-dolive-extra-vierge-500ml\\\/\",\"url\":\"https:\\\/\\\/www.lessaveursdespagne.com\\\/en\\\/product\\\/huile-dolive-extra-vierge-500ml\\\/\",\"name\":\"Huile d\u2019olive Extra Vierge 500ml\",\"isPartOf\":{\"@id\":\"https:\\\/\\\/www.lessaveursdespagne.com\\\/en\\\/#website\"},\"primaryImageOfPage\":{\"@id\":\"https:\\\/\\\/www.lessaveursdespagne.com\\\/en\\\/product\\\/huile-dolive-extra-vierge-500ml\\\/#primaryimage\"},\"image\":{\"@id\":\"https:\\\/\\\/www.lessaveursdespagne.com\\\/en\\\/product\\\/huile-dolive-extra-vierge-500ml\\\/#primaryimage\"},\"thumbnailUrl\":\"https:\\\/\\\/www.lessaveursdespagne.com\\\/wp-content\\\/uploads\\\/2022\\\/08\\\/huile-500ml.jpg\",\"datePublished\":\"2022-08-02T14:28:29+00:00\",\"dateModified\":\"2026-05-13T08:47:49+00:00\",\"description\":\"Huile d\u2019olive Extra Vierge 500ml provenant d\u2019olives collect\u00e9es, produites et emball\u00e9es par le Moulin de Taramilla situ\u00e9 \u00e0 Prado Del Rey (Cadix).\",\"breadcrumb\":{\"@id\":\"https:\\\/\\\/www.lessaveursdespagne.com\\\/en\\\/product\\\/huile-dolive-extra-vierge-500ml\\\/#breadcrumb\"},\"inLanguage\":\"en-US\",\"potentialAction\":[{\"@type\":\"ReadAction\",\"target\":[\"https:\\\/\\\/www.lessaveursdespagne.com\\\/en\\\/product\\\/huile-dolive-extra-vierge-500ml\\\/\"]}]},{\"@type\":\"ImageObject\",\"inLanguage\":\"en-US\",\"@id\":\"https:\\\/\\\/www.lessaveursdespagne.com\\\/en\\\/product\\\/huile-dolive-extra-vierge-500ml\\\/#primaryimage\",\"url\":\"https:\\\/\\\/www.lessaveursdespagne.com\\\/wp-content\\\/uploads\\\/2022\\\/08\\\/huile-500ml.jpg\",\"contentUrl\":\"https:\\\/\\\/www.lessaveursdespagne.com\\\/wp-content\\\/uploads\\\/2022\\\/08\\\/huile-500ml.jpg\",\"width\":660,\"height\":660,\"caption\":\"Huile 500ml Image\"},{\"@type\":\"BreadcrumbList\",\"@id\":\"https:\\\/\\\/www.lessaveursdespagne.com\\\/en\\\/product\\\/huile-dolive-extra-vierge-500ml\\\/#breadcrumb\",\"itemListElement\":[{\"@type\":\"ListItem\",\"position\":1,\"name\":\"Home\",\"item\":\"https:\\\/\\\/www.lessaveursdespagne.com\\\/en\\\/\"},{\"@type\":\"ListItem\",\"position\":2,\"name\":\"Shop\",\"item\":\"https:\\\/\\\/www.lessaveursdespagne.com\\\/en\\\/shop\\\/\"},{\"@type\":\"ListItem\",\"position\":3,\"name\":\"Huile d\u2019olive Extra Vierge 500ml\"}]},{\"@type\":\"WebSite\",\"@id\":\"https:\\\/\\\/www.lessaveursdespagne.com\\\/en\\\/#website\",\"url\":\"https:\\\/\\\/www.lessaveursdespagne.com\\\/en\\\/\",\"name\":\"Les Saveurs d&#039;Espagne\",\"description\":\"Vente de produits espagnols locaux et artisanaux\",\"publisher\":{\"@id\":\"https:\\\/\\\/www.lessaveursdespagne.com\\\/en\\\/#organization\"},\"potentialAction\":[{\"@type\":\"SearchAction\",\"target\":{\"@type\":\"EntryPoint\",\"urlTemplate\":\"https:\\\/\\\/www.lessaveursdespagne.com\\\/en\\\/?s={search_term_string}\"},\"query-input\":{\"@type\":\"PropertyValueSpecification\",\"valueRequired\":true,\"valueName\":\"search_term_string\"}}],\"inLanguage\":\"en-US\"},{\"@type\":\"Organization\",\"@id\":\"https:\\\/\\\/www.lessaveursdespagne.com\\\/en\\\/#organization\",\"name\":\"Les Saveurs d&#039;Espagne\",\"url\":\"https:\\\/\\\/www.lessaveursdespagne.com\\\/en\\\/\",\"logo\":{\"@type\":\"ImageObject\",\"inLanguage\":\"en-US\",\"@id\":\"https:\\\/\\\/www.lessaveursdespagne.com\\\/en\\\/#\\\/schema\\\/logo\\\/image\\\/\",\"url\":\"https:\\\/\\\/www.lessaveursdespagne.com\\\/wp-content\\\/uploads\\\/2021\\\/10\\\/logo.png\",\"contentUrl\":\"https:\\\/\\\/www.lessaveursdespagne.com\\\/wp-content\\\/uploads\\\/2021\\\/10\\\/logo.png\",\"width\":300,\"height\":86,\"caption\":\"Les Saveurs d&#039;Espagne\"},\"image\":{\"@id\":\"https:\\\/\\\/www.lessaveursdespagne.com\\\/en\\\/#\\\/schema\\\/logo\\\/image\\\/\"}}]}<\/script>\n<!-- \/ Yoast SEO plugin. -->","yoast_head_json":{"title":"Huile d\u2019olive Extra Vierge 500ml","description":"Huile d\u2019olive Extra Vierge 500ml provenant d\u2019olives collect\u00e9es, produites et emball\u00e9es par le Moulin de Taramilla situ\u00e9 \u00e0 Prado Del Rey (Cadix).","robots":{"index":"index","follow":"follow","max-snippet":"max-snippet:-1","max-image-preview":"max-image-preview:large","max-video-preview":"max-video-preview:-1"},"canonical":"https:\/\/www.lessaveursdespagne.com\/en\/product\/huile-dolive-extra-vierge-500ml\/","og_locale":"en_US","og_type":"article","og_title":"Huile d\u2019olive Extra Vierge 500ml","og_description":"Huile d\u2019olive Extra Vierge 500ml provenant d\u2019olives collect\u00e9es, produites et emball\u00e9es par le Moulin de Taramilla situ\u00e9 \u00e0 Prado Del Rey (Cadix).","og_url":"https:\/\/www.lessaveursdespagne.com\/en\/product\/huile-dolive-extra-vierge-500ml\/","og_site_name":"Les Saveurs d&#039;Espagne","article_modified_time":"2026-05-13T08:47:49+00:00","og_image":[{"width":660,"height":660,"url":"https:\/\/www.lessaveursdespagne.com\/wp-content\/uploads\/2022\/08\/huile-500ml.jpg","type":"image\/jpeg"}],"twitter_card":"summary_large_image","twitter_misc":{"Est. reading time":"1 minute"},"schema":{"@context":"https:\/\/schema.org","@graph":[{"@type":"WebPage","@id":"https:\/\/www.lessaveursdespagne.com\/en\/product\/huile-dolive-extra-vierge-500ml\/","url":"https:\/\/www.lessaveursdespagne.com\/en\/product\/huile-dolive-extra-vierge-500ml\/","name":"Huile d\u2019olive Extra Vierge 500ml","isPartOf":{"@id":"https:\/\/www.lessaveursdespagne.com\/en\/#website"},"primaryImageOfPage":{"@id":"https:\/\/www.lessaveursdespagne.com\/en\/product\/huile-dolive-extra-vierge-500ml\/#primaryimage"},"image":{"@id":"https:\/\/www.lessaveursdespagne.com\/en\/product\/huile-dolive-extra-vierge-500ml\/#primaryimage"},"thumbnailUrl":"https:\/\/www.lessaveursdespagne.com\/wp-content\/uploads\/2022\/08\/huile-500ml.jpg","datePublished":"2022-08-02T14:28:29+00:00","dateModified":"2026-05-13T08:47:49+00:00","description":"Huile d\u2019olive Extra Vierge 500ml provenant d\u2019olives collect\u00e9es, produites et emball\u00e9es par le Moulin de Taramilla situ\u00e9 \u00e0 Prado Del Rey (Cadix).","breadcrumb":{"@id":"https:\/\/www.lessaveursdespagne.com\/en\/product\/huile-dolive-extra-vierge-500ml\/#breadcrumb"},"inLanguage":"en-US","potentialAction":[{"@type":"ReadAction","target":["https:\/\/www.lessaveursdespagne.com\/en\/product\/huile-dolive-extra-vierge-500ml\/"]}]},{"@type":"ImageObject","inLanguage":"en-US","@id":"https:\/\/www.lessaveursdespagne.com\/en\/product\/huile-dolive-extra-vierge-500ml\/#primaryimage","url":"https:\/\/www.lessaveursdespagne.com\/wp-content\/uploads\/2022\/08\/huile-500ml.jpg","contentUrl":"https:\/\/www.lessaveursdespagne.com\/wp-content\/uploads\/2022\/08\/huile-500ml.jpg","width":660,"height":660,"caption":"Huile 500ml Image"},{"@type":"BreadcrumbList","@id":"https:\/\/www.lessaveursdespagne.com\/en\/product\/huile-dolive-extra-vierge-500ml\/#breadcrumb","itemListElement":[{"@type":"ListItem","position":1,"name":"Home","item":"https:\/\/www.lessaveursdespagne.com\/en\/"},{"@type":"ListItem","position":2,"name":"Shop","item":"https:\/\/www.lessaveursdespagne.com\/en\/shop\/"},{"@type":"ListItem","position":3,"name":"Huile d\u2019olive Extra Vierge 500ml"}]},{"@type":"WebSite","@id":"https:\/\/www.lessaveursdespagne.com\/en\/#website","url":"https:\/\/www.lessaveursdespagne.com\/en\/","name":"Les Saveurs d&#039;Espagne","description":"Vente de produits espagnols locaux et artisanaux","publisher":{"@id":"https:\/\/www.lessaveursdespagne.com\/en\/#organization"},"potentialAction":[{"@type":"SearchAction","target":{"@type":"EntryPoint","urlTemplate":"https:\/\/www.lessaveursdespagne.com\/en\/?s={search_term_string}"},"query-input":{"@type":"PropertyValueSpecification","valueRequired":true,"valueName":"search_term_string"}}],"inLanguage":"en-US"},{"@type":"Organization","@id":"https:\/\/www.lessaveursdespagne.com\/en\/#organization","name":"Les Saveurs d&#039;Espagne","url":"https:\/\/www.lessaveursdespagne.com\/en\/","logo":{"@type":"ImageObject","inLanguage":"en-US","@id":"https:\/\/www.lessaveursdespagne.com\/en\/#\/schema\/logo\/image\/","url":"https:\/\/www.lessaveursdespagne.com\/wp-content\/uploads\/2021\/10\/logo.png","contentUrl":"https:\/\/www.lessaveursdespagne.com\/wp-content\/uploads\/2021\/10\/logo.png","width":300,"height":86,"caption":"Les Saveurs d&#039;Espagne"},"image":{"@id":"https:\/\/www.lessaveursdespagne.com\/en\/#\/schema\/logo\/image\/"}}]}},"_links":{"self":[{"href":"https:\/\/www.lessaveursdespagne.com\/en\/wp-json\/wp\/v2\/product\/10584","targetHints":{"allow":["GET"]}}],"collection":[{"href":"https:\/\/www.lessaveursdespagne.com\/en\/wp-json\/wp\/v2\/product"}],"about":[{"href":"https:\/\/www.lessaveursdespagne.com\/en\/wp-json\/wp\/v2\/types\/product"}],"replies":[{"embeddable":true,"href":"https:\/\/www.lessaveursdespagne.com\/en\/wp-json\/wp\/v2\/comments?post=10584"}],"wp:featuredmedia":[{"embeddable":true,"href":"https:\/\/www.lessaveursdespagne.com\/en\/wp-json\/wp\/v2\/media\/10585"}],"wp:attachment":[{"href":"https:\/\/www.lessaveursdespagne.com\/en\/wp-json\/wp\/v2\/media?parent=10584"}],"wp:term":[{"taxonomy":"product_cat","embeddable":true,"href":"https:\/\/www.lessaveursdespagne.com\/en\/wp-json\/wp\/v2\/product_cat?post=10584"},{"taxonomy":"product_tag","embeddable":true,"href":"https:\/\/www.lessaveursdespagne.com\/en\/wp-json\/wp\/v2\/product_tag?post=10584"}],"curies":[{"name":"wp","href":"https:\/\/api.w.org\/{rel}","templated":true}]}}