{"id":13158,"date":"2022-10-28T11:41:40","date_gmt":"2022-10-28T09:41:40","guid":{"rendered":"https:\/\/www.lessaveursdespagne.com\/produit\/bottle-of-semi-sweet-white-wine-vina-placido\/"},"modified":"2022-10-28T11:41:40","modified_gmt":"2022-10-28T09:41:40","slug":"bottle-of-semi-sweet-white-wine-vina-placido","status":"publish","type":"product","link":"https:\/\/www.lessaveursdespagne.com\/en\/product\/bottle-of-semi-sweet-white-wine-vina-placido\/","title":{"rendered":"Bottle of semi-sweet white wine Vi\u00f1a Pl\u00e1cido"},"content":{"rendered":"<p>Semi-sweet white wine Vi\u00f1a Placido produced and bottled in Prado del Rey<\/p>\n<p>Semi-sweet wine is an ideal wine to enter the wonderful world of wine, because they are usually very pleasant wines, very fruity and with good acidity to counter the excess of sugar.<\/p>\n<p>Bottle of 75cl.<\/p>\n","protected":false},"excerpt":{"rendered":"<p>Semi-sweet white wine Vi\u00f1a Placido produced and bottled in Prado del Rey Semi-sweet wine is an ideal wine to enter the wonderful world of wine, because they are usually very pleasant wines, very fruity and with good acidity to counter the excess of sugar. Bottle of 75cl.<\/p>\n","protected":false},"featured_media":12767,"comment_status":"open","ping_status":"closed","template":"","meta":{"inline_featured_image":false},"product_cat":[93],"product_tag":[],"class_list":{"0":"post-13158","1":"product","2":"type-product","3":"status-publish","4":"has-post-thumbnail","6":"product_cat-wines-and-vinegar","8":"first","9":"instock","10":"taxable","11":"shipping-taxable","12":"purchasable","13":"product-type-simple"},"yoast_head":"<!-- This site is optimized with the Yoast SEO plugin v27.5 - https:\/\/yoast.com\/product\/yoast-seo-wordpress\/ -->\n<title>Bottle of semi-sweet white wine Vi\u00f1a Pl\u00e1cido - Les Saveurs d&#039;Espagne<\/title>\n<meta name=\"description\" content=\"Semi-sweet white wine Vi\u00f1a Placido produced and bottled in Prado del Rey.The semi-sweet wine is an ideal wine to enter the wonderful world of wine, because they are usually very pleasant wines, very fruity and with a good acidity to counter the excess sugar.Bottle of 75cl.\" \/>\n<meta name=\"robots\" content=\"index, follow, max-snippet:-1, max-image-preview:large, max-video-preview:-1\" \/>\n<link rel=\"canonical\" href=\"https:\/\/www.lessaveursdespagne.com\/en\/product\/bottle-of-semi-sweet-white-wine-vina-placido\/\" \/>\n<meta property=\"og:locale\" content=\"en_US\" \/>\n<meta property=\"og:type\" content=\"article\" \/>\n<meta property=\"og:title\" content=\"Bottle of semi-sweet white wine Vi\u00f1a Pl\u00e1cido - Les Saveurs d&#039;Espagne\" \/>\n<meta property=\"og:description\" content=\"Semi-sweet white wine Vi\u00f1a Placido produced and bottled in Prado del Rey.The semi-sweet wine is an ideal wine to enter the wonderful world of wine, because they are usually very pleasant wines, very fruity and with a good acidity to counter the excess sugar.Bottle of 75cl.\" \/>\n<meta property=\"og:url\" content=\"https:\/\/www.lessaveursdespagne.com\/en\/product\/bottle-of-semi-sweet-white-wine-vina-placido\/\" \/>\n<meta property=\"og:site_name\" content=\"Les Saveurs d&#039;Espagne\" \/>\n<meta property=\"og:image\" content=\"https:\/\/www.lessaveursdespagne.com\/wp-content\/uploads\/2022\/10\/vin-semidoux-vina-placido.jpeg\" \/>\n\t<meta property=\"og:image:width\" content=\"1200\" \/>\n\t<meta property=\"og:image:height\" content=\"1200\" \/>\n\t<meta property=\"og:image:type\" content=\"image\/jpeg\" \/>\n<meta name=\"twitter:card\" content=\"summary_large_image\" \/>\n<script type=\"application\/ld+json\" class=\"yoast-schema-graph\">{\"@context\":\"https:\\\/\\\/schema.org\",\"@graph\":[{\"@type\":\"WebPage\",\"@id\":\"https:\\\/\\\/www.lessaveursdespagne.com\\\/en\\\/product\\\/bottle-of-semi-sweet-white-wine-vina-placido\\\/\",\"url\":\"https:\\\/\\\/www.lessaveursdespagne.com\\\/en\\\/product\\\/bottle-of-semi-sweet-white-wine-vina-placido\\\/\",\"name\":\"Bottle of semi-sweet white wine Vi\u00f1a Pl\u00e1cido - Les Saveurs d&#039;Espagne\",\"isPartOf\":{\"@id\":\"https:\\\/\\\/www.lessaveursdespagne.com\\\/en\\\/#website\"},\"primaryImageOfPage\":{\"@id\":\"https:\\\/\\\/www.lessaveursdespagne.com\\\/en\\\/product\\\/bottle-of-semi-sweet-white-wine-vina-placido\\\/#primaryimage\"},\"image\":{\"@id\":\"https:\\\/\\\/www.lessaveursdespagne.com\\\/en\\\/product\\\/bottle-of-semi-sweet-white-wine-vina-placido\\\/#primaryimage\"},\"thumbnailUrl\":\"https:\\\/\\\/www.lessaveursdespagne.com\\\/wp-content\\\/uploads\\\/2022\\\/10\\\/vin-semidoux-vina-placido.jpeg\",\"datePublished\":\"2022-10-28T09:41:40+00:00\",\"description\":\"Semi-sweet white wine Vi\u00f1a Placido produced and bottled in Prado del Rey.The semi-sweet wine is an ideal wine to enter the wonderful world of wine, because they are usually very pleasant wines, very fruity and with a good acidity to counter the excess sugar.Bottle of 75cl.\",\"breadcrumb\":{\"@id\":\"https:\\\/\\\/www.lessaveursdespagne.com\\\/en\\\/product\\\/bottle-of-semi-sweet-white-wine-vina-placido\\\/#breadcrumb\"},\"inLanguage\":\"en-US\",\"potentialAction\":[{\"@type\":\"ReadAction\",\"target\":[\"https:\\\/\\\/www.lessaveursdespagne.com\\\/en\\\/product\\\/bottle-of-semi-sweet-white-wine-vina-placido\\\/\"]}]},{\"@type\":\"ImageObject\",\"inLanguage\":\"en-US\",\"@id\":\"https:\\\/\\\/www.lessaveursdespagne.com\\\/en\\\/product\\\/bottle-of-semi-sweet-white-wine-vina-placido\\\/#primaryimage\",\"url\":\"https:\\\/\\\/www.lessaveursdespagne.com\\\/wp-content\\\/uploads\\\/2022\\\/10\\\/vin-semidoux-vina-placido.jpeg\",\"contentUrl\":\"https:\\\/\\\/www.lessaveursdespagne.com\\\/wp-content\\\/uploads\\\/2022\\\/10\\\/vin-semidoux-vina-placido.jpeg\",\"width\":1200,\"height\":1200,\"caption\":\"Vina Placido Semidoux Wine\"},{\"@type\":\"BreadcrumbList\",\"@id\":\"https:\\\/\\\/www.lessaveursdespagne.com\\\/en\\\/product\\\/bottle-of-semi-sweet-white-wine-vina-placido\\\/#breadcrumb\",\"itemListElement\":[{\"@type\":\"ListItem\",\"position\":1,\"name\":\"Home\",\"item\":\"https:\\\/\\\/www.lessaveursdespagne.com\\\/en\\\/\"},{\"@type\":\"ListItem\",\"position\":2,\"name\":\"Shop\",\"item\":\"https:\\\/\\\/www.lessaveursdespagne.com\\\/en\\\/shop\\\/\"},{\"@type\":\"ListItem\",\"position\":3,\"name\":\"Bottle of semi-sweet white wine Vi\u00f1a Pl\u00e1cido\"}]},{\"@type\":\"WebSite\",\"@id\":\"https:\\\/\\\/www.lessaveursdespagne.com\\\/en\\\/#website\",\"url\":\"https:\\\/\\\/www.lessaveursdespagne.com\\\/en\\\/\",\"name\":\"Les Saveurs d&#039;Espagne\",\"description\":\"Vente de produits espagnols locaux et artisanaux\",\"publisher\":{\"@id\":\"https:\\\/\\\/www.lessaveursdespagne.com\\\/en\\\/#organization\"},\"potentialAction\":[{\"@type\":\"SearchAction\",\"target\":{\"@type\":\"EntryPoint\",\"urlTemplate\":\"https:\\\/\\\/www.lessaveursdespagne.com\\\/en\\\/?s={search_term_string}\"},\"query-input\":{\"@type\":\"PropertyValueSpecification\",\"valueRequired\":true,\"valueName\":\"search_term_string\"}}],\"inLanguage\":\"en-US\"},{\"@type\":\"Organization\",\"@id\":\"https:\\\/\\\/www.lessaveursdespagne.com\\\/en\\\/#organization\",\"name\":\"Les Saveurs d&#039;Espagne\",\"url\":\"https:\\\/\\\/www.lessaveursdespagne.com\\\/en\\\/\",\"logo\":{\"@type\":\"ImageObject\",\"inLanguage\":\"en-US\",\"@id\":\"https:\\\/\\\/www.lessaveursdespagne.com\\\/en\\\/#\\\/schema\\\/logo\\\/image\\\/\",\"url\":\"https:\\\/\\\/www.lessaveursdespagne.com\\\/wp-content\\\/uploads\\\/2021\\\/10\\\/logo.png\",\"contentUrl\":\"https:\\\/\\\/www.lessaveursdespagne.com\\\/wp-content\\\/uploads\\\/2021\\\/10\\\/logo.png\",\"width\":300,\"height\":86,\"caption\":\"Les Saveurs d&#039;Espagne\"},\"image\":{\"@id\":\"https:\\\/\\\/www.lessaveursdespagne.com\\\/en\\\/#\\\/schema\\\/logo\\\/image\\\/\"}}]}<\/script>\n<!-- \/ Yoast SEO plugin. -->","yoast_head_json":{"title":"Bottle of semi-sweet white wine Vi\u00f1a Pl\u00e1cido - Les Saveurs d&#039;Espagne","description":"Semi-sweet white wine Vi\u00f1a Placido produced and bottled in Prado del Rey.The semi-sweet wine is an ideal wine to enter the wonderful world of wine, because they are usually very pleasant wines, very fruity and with a good acidity to counter the excess sugar.Bottle of 75cl.","robots":{"index":"index","follow":"follow","max-snippet":"max-snippet:-1","max-image-preview":"max-image-preview:large","max-video-preview":"max-video-preview:-1"},"canonical":"https:\/\/www.lessaveursdespagne.com\/en\/product\/bottle-of-semi-sweet-white-wine-vina-placido\/","og_locale":"en_US","og_type":"article","og_title":"Bottle of semi-sweet white wine Vi\u00f1a Pl\u00e1cido - Les Saveurs d&#039;Espagne","og_description":"Semi-sweet white wine Vi\u00f1a Placido produced and bottled in Prado del Rey.The semi-sweet wine is an ideal wine to enter the wonderful world of wine, because they are usually very pleasant wines, very fruity and with a good acidity to counter the excess sugar.Bottle of 75cl.","og_url":"https:\/\/www.lessaveursdespagne.com\/en\/product\/bottle-of-semi-sweet-white-wine-vina-placido\/","og_site_name":"Les Saveurs d&#039;Espagne","og_image":[{"width":1200,"height":1200,"url":"https:\/\/www.lessaveursdespagne.com\/wp-content\/uploads\/2022\/10\/vin-semidoux-vina-placido.jpeg","type":"image\/jpeg"}],"twitter_card":"summary_large_image","schema":{"@context":"https:\/\/schema.org","@graph":[{"@type":"WebPage","@id":"https:\/\/www.lessaveursdespagne.com\/en\/product\/bottle-of-semi-sweet-white-wine-vina-placido\/","url":"https:\/\/www.lessaveursdespagne.com\/en\/product\/bottle-of-semi-sweet-white-wine-vina-placido\/","name":"Bottle of semi-sweet white wine Vi\u00f1a Pl\u00e1cido - Les Saveurs d&#039;Espagne","isPartOf":{"@id":"https:\/\/www.lessaveursdespagne.com\/en\/#website"},"primaryImageOfPage":{"@id":"https:\/\/www.lessaveursdespagne.com\/en\/product\/bottle-of-semi-sweet-white-wine-vina-placido\/#primaryimage"},"image":{"@id":"https:\/\/www.lessaveursdespagne.com\/en\/product\/bottle-of-semi-sweet-white-wine-vina-placido\/#primaryimage"},"thumbnailUrl":"https:\/\/www.lessaveursdespagne.com\/wp-content\/uploads\/2022\/10\/vin-semidoux-vina-placido.jpeg","datePublished":"2022-10-28T09:41:40+00:00","description":"Semi-sweet white wine Vi\u00f1a Placido produced and bottled in Prado del Rey.The semi-sweet wine is an ideal wine to enter the wonderful world of wine, because they are usually very pleasant wines, very fruity and with a good acidity to counter the excess sugar.Bottle of 75cl.","breadcrumb":{"@id":"https:\/\/www.lessaveursdespagne.com\/en\/product\/bottle-of-semi-sweet-white-wine-vina-placido\/#breadcrumb"},"inLanguage":"en-US","potentialAction":[{"@type":"ReadAction","target":["https:\/\/www.lessaveursdespagne.com\/en\/product\/bottle-of-semi-sweet-white-wine-vina-placido\/"]}]},{"@type":"ImageObject","inLanguage":"en-US","@id":"https:\/\/www.lessaveursdespagne.com\/en\/product\/bottle-of-semi-sweet-white-wine-vina-placido\/#primaryimage","url":"https:\/\/www.lessaveursdespagne.com\/wp-content\/uploads\/2022\/10\/vin-semidoux-vina-placido.jpeg","contentUrl":"https:\/\/www.lessaveursdespagne.com\/wp-content\/uploads\/2022\/10\/vin-semidoux-vina-placido.jpeg","width":1200,"height":1200,"caption":"Vina Placido Semidoux Wine"},{"@type":"BreadcrumbList","@id":"https:\/\/www.lessaveursdespagne.com\/en\/product\/bottle-of-semi-sweet-white-wine-vina-placido\/#breadcrumb","itemListElement":[{"@type":"ListItem","position":1,"name":"Home","item":"https:\/\/www.lessaveursdespagne.com\/en\/"},{"@type":"ListItem","position":2,"name":"Shop","item":"https:\/\/www.lessaveursdespagne.com\/en\/shop\/"},{"@type":"ListItem","position":3,"name":"Bottle of semi-sweet white wine Vi\u00f1a Pl\u00e1cido"}]},{"@type":"WebSite","@id":"https:\/\/www.lessaveursdespagne.com\/en\/#website","url":"https:\/\/www.lessaveursdespagne.com\/en\/","name":"Les Saveurs d&#039;Espagne","description":"Vente de produits espagnols locaux et artisanaux","publisher":{"@id":"https:\/\/www.lessaveursdespagne.com\/en\/#organization"},"potentialAction":[{"@type":"SearchAction","target":{"@type":"EntryPoint","urlTemplate":"https:\/\/www.lessaveursdespagne.com\/en\/?s={search_term_string}"},"query-input":{"@type":"PropertyValueSpecification","valueRequired":true,"valueName":"search_term_string"}}],"inLanguage":"en-US"},{"@type":"Organization","@id":"https:\/\/www.lessaveursdespagne.com\/en\/#organization","name":"Les Saveurs d&#039;Espagne","url":"https:\/\/www.lessaveursdespagne.com\/en\/","logo":{"@type":"ImageObject","inLanguage":"en-US","@id":"https:\/\/www.lessaveursdespagne.com\/en\/#\/schema\/logo\/image\/","url":"https:\/\/www.lessaveursdespagne.com\/wp-content\/uploads\/2021\/10\/logo.png","contentUrl":"https:\/\/www.lessaveursdespagne.com\/wp-content\/uploads\/2021\/10\/logo.png","width":300,"height":86,"caption":"Les Saveurs d&#039;Espagne"},"image":{"@id":"https:\/\/www.lessaveursdespagne.com\/en\/#\/schema\/logo\/image\/"}}]}},"_links":{"self":[{"href":"https:\/\/www.lessaveursdespagne.com\/en\/wp-json\/wp\/v2\/product\/13158","targetHints":{"allow":["GET"]}}],"collection":[{"href":"https:\/\/www.lessaveursdespagne.com\/en\/wp-json\/wp\/v2\/product"}],"about":[{"href":"https:\/\/www.lessaveursdespagne.com\/en\/wp-json\/wp\/v2\/types\/product"}],"replies":[{"embeddable":true,"href":"https:\/\/www.lessaveursdespagne.com\/en\/wp-json\/wp\/v2\/comments?post=13158"}],"wp:featuredmedia":[{"embeddable":true,"href":"https:\/\/www.lessaveursdespagne.com\/en\/wp-json\/wp\/v2\/media\/12767"}],"wp:attachment":[{"href":"https:\/\/www.lessaveursdespagne.com\/en\/wp-json\/wp\/v2\/media?parent=13158"}],"wp:term":[{"taxonomy":"product_cat","embeddable":true,"href":"https:\/\/www.lessaveursdespagne.com\/en\/wp-json\/wp\/v2\/product_cat?post=13158"},{"taxonomy":"product_tag","embeddable":true,"href":"https:\/\/www.lessaveursdespagne.com\/en\/wp-json\/wp\/v2\/product_tag?post=13158"}],"curies":[{"name":"wp","href":"https:\/\/api.w.org\/{rel}","templated":true}]}}