{"id":13202,"date":"2022-08-07T14:30:50","date_gmt":"2022-08-07T12:30:50","guid":{"rendered":"https:\/\/www.lessaveursdespagne.com\/cookies\/"},"modified":"2024-02-28T15:57:58","modified_gmt":"2024-02-28T14:57:58","slug":"cookies","status":"publish","type":"page","link":"https:\/\/www.lessaveursdespagne.com\/es\/cookies\/","title":{"rendered":"Cookies"},"content":{"rendered":"\t\t<div data-elementor-type=\"wp-page\" data-elementor-id=\"13202\" class=\"elementor elementor-13202 elementor-11084\">\n\t\t\t\t\t\t\t\t\t<section class=\"elementor-section elementor-top-section elementor-element elementor-element-77605ba4 elementor-section-boxed elementor-section-height-default elementor-section-height-default\" data-id=\"77605ba4\" data-element_type=\"section\">\n\t\t\t\t\t\t<div class=\"elementor-container elementor-column-gap-default\">\n\t\t\t\t\t<div class=\"elementor-column elementor-col-100 elementor-top-column elementor-element elementor-element-50196cea\" data-id=\"50196cea\" data-element_type=\"column\">\n\t\t\t<div class=\"elementor-widget-wrap elementor-element-populated\">\n\t\t\t\t\t\t\n\t\t<div class=\"elementor-element elementor-element-71d6f532 elementor-widget elementor-widget-text-editor\" data-id=\"71d6f532\" data-element_type=\"widget\" data-widget_type=\"text-editor.default\">\n\t\t\t\t<div class=\"elementor-widget-container\">\n\t\t\t<style>\/*! elementor - v3.6.8 - 27-07-2022 *\/\n.elementor-widget-text-editor.elementor-drop-cap-view-stacked .elementor-drop-cap{background-color:#818a91;color:#fff}.elementor-widget-text-editor.elementor-drop-cap-view-framed .elementor-drop-cap{color:#818a91;border:3px solid;background-color:transparent}.elementor-widget-text-editor:not(.elementor-drop-cap-view-default) .elementor-drop-cap{margin-top:8px}.elementor-widget-text-editor:not(.elementor-drop-cap-view-default) .elementor-drop-cap-letter{width:1em;height:1em}.elementor-widget-text-editor .elementor-drop-cap{float:left;text-align:center;line-height:1;font-size:50px}.elementor-widget-text-editor .elementor-drop-cap-letter{display:inline-block}<\/style>\t\t\t\t<p><strong>INFORMACI\u00d3N SOBRE LAS COOKIES<\/strong><\/p>\n<p><\/p>\n<p>Entrada en vigor de la modificaci\u00f3n de la ley titulada \u00abLey de Servicios de la Sociedad de la Informaci\u00f3n&nbsp;\u00bb (LSSICE) establecida por el Real Decreto 13\/2012 hace obligatoria la obtenci\u00f3n del consentimiento expl\u00edcito del usuario por todos los sitios web que utilicen&nbsp;<em>cookies<\/em>&nbsp;cookies dispensables, antes de la navegaci\u00f3n del usuario por dichos sitios.&nbsp;<\/p>\n<p><\/p>\n<p><strong>\u00bfQU\u00c9 SON LAS COOKIES?<\/strong><\/p>\n<p><\/p>\n<p>Las&nbsp;<em>cookies ,&nbsp;<\/em>&nbsp; l<em>os objetos locales compartidos<\/em>&nbsp;<em>flash cookies&nbsp;<\/em>o&nbsp;<em>pixels<\/em>&nbsp;son herramientas utilizadas por los servidores web para almacenar y recuperar informaci\u00f3n relativa a los usuarios y garantizar el correcto funcionamiento del sitio. &nbsp;<\/p>\n<p><\/p>\n<p>Estos dispositivos permiten al servidor conservar ciertos datos del usuario como sus preferencias de visualizaci\u00f3n de las p\u00e1ginas de este servidor, su nombre y contrase\u00f1a, los productos m\u00e1s visitados, etc&#8230;<\/p>\n<p><\/p>\n<p><strong>COOKIES RELACIONADAS CON LA NORMATIVA Y NO RELACIONADAS<\/strong><\/p>\n<p><\/p>\n<p>Seg\u00fan la directiva de la UE, las cookies que requieren el consentimiento del usuario son las cookies anal\u00edticas, publicitarias y de afiliaci\u00f3n, excluyendo as\u00ed las cookies de car\u00e1cter t\u00e9cnico y las necesarias para el funcionamiento del sitio web o para la prestaci\u00f3n de servicios expresamente solicitados por el usuario.<\/p>\n<p><\/p>\n<p><strong>\u00bfCU\u00c1LES SON LOS DIFERENTES TIPOS DE COOKIES?<\/strong><\/p>\n<p><\/p>\n<p>De todos los tipos de cookies existentes, hay cinco categor\u00edas principales:<\/p>\n<p><\/p>\n<p>Cookies anal\u00edticas: recopilan informaci\u00f3n sobre el uso que se hace del sitio web.<\/p>\n<p><\/p>\n<p>Cookies sociales: son las necesarias para las redes sociales externas.<\/p>\n<p><\/p>\n<p>Cookies de afiliaci\u00f3n: permiten el seguimiento de las visitas a otros sitios web con los que el sitio establece un contrato de afiliaci\u00f3n (empresas afiliadas).<\/p>\n<p><\/p>\n<p>Cookies publicitarias y de comportamiento: recopilan informaci\u00f3n sobre las preferencias y opciones personales del usuario (retargeting).<\/p>\n<p><\/p>\n<p>Cookies t\u00e9cnicas y funcionales: son las estrictamente necesarias para el uso del sitio web y para la prestaci\u00f3n de servicios contractuales.<\/p>\n<p><\/p>\n<p><strong>COOKIES UTILIZADAS EN ESTE SITIO<\/strong><\/p>\n<p><\/p>\n<p><strong>PHPSESSID<\/strong>: cookie t\u00e9cnica estrictamente necesaria que contiene el identificador de sesi\u00f3n. Se elimina al cerrar el navegador.<\/p>\n<p><strong>_lang<\/strong>:cookie t\u00e9cnica estrictamente necesaria que contiene el idioma de la sesi\u00f3n. Editor de texto Se elimina al cerrar el navegador.<\/p>\n<p><strong>ac_cookies<\/strong>: cookie t\u00e9cnica estrictamente necesaria que contiene el valor de aceptar o no la instalaci\u00f3n de cookies. Caduca 1 a\u00f1o despu\u00e9s de la \u00faltima actualizaci\u00f3n.<\/p>\n<p><strong>_ga<\/strong>: cookie de Google Analytics para controlar visitas \u00fanicas. Esta cookie se instalar\u00e1 la primera vez que el usuario visite un sitio a trav\u00e9s de un navegador. Cuando el usuario vuelve a visitar este sitio utilizando el mismo navegador, la cookie reconocer\u00e1 al usuario. Si el usuario cambia de navegador, la cookie no reconocer\u00e1 al usuario. Expirar\u00e1 2 a\u00f1os despu\u00e9s de la \u00faltima actualizaci\u00f3n. Para obtener m\u00e1s informaci\u00f3n sobre c\u00f3mo Google Analytics la est\u00e1 procesando, haga clic en&nbsp;<strong>&nbsp; <u>aqui<\/u><\/strong>.<\/p>\n<p><\/p>\n<p>_<strong>gat<\/strong>: Esta cookie est\u00e1 asociada a Google Analytics. Ayuda a limitar la velocidad de petici\u00f3n &#8211; la limitaci\u00f3n de la recopilaci\u00f3n de datos en los sitios de alto tr\u00e1fico. Expira en 10 minutos.<\/p>\n<p><strong>_gid<\/strong><strong>:&nbsp;<\/strong>Esta cookie est\u00e1 asociada a Google Analytics. Permite diferenciar a los usuarios. Expira al cabo de 24 horas.<\/p>\n<p><\/p>\n<p><strong>REVOCACI\u00d3N DEL CONSENTIMIENTO PARA LA INSTALACI\u00d3N DE COOKIES &#8211; C\u00d3MO ELIMINAR LAS COOKIES DEL NAVEGADOR<\/strong><\/p>\n<p><\/p>\n<p><strong>Chrome<\/strong><\/p>\n<p><\/p>\n<ol>\n<li>Haga clic en el icono del men\u00fa\u00ab&nbsp;herramientas&nbsp;\u00bb.<\/li>\n<li>Haga click en \u00ab&nbsp;Opciones&nbsp;\u00bb.<\/li>\n<li>Haga click on \u00ab&nbsp;Opciones avanzadas &nbsp;\u00bb.<\/li>\n<li>Vaya a la secci\u00f3n\u00ab&nbsp;Confidencialidad&nbsp;\u00bb y haga click en \u00ab&nbsp;Mostrar las cookies &nbsp;\u00bb.<\/li>\n<\/ol>\n<ul>\n<li>Eliminar cookies: seleccione todas las cookies y datos de sitios web.<\/li>\n<li>No permitir el almacenamiento de cookies.<\/li>\n<\/ul>\n<ol start=\"5\">\n<li>Haga clikc en \u00ab&nbsp;Borrar los datos de navegaci\u00f3n&nbsp;\u00bb (vaciar cach\u00e9).<\/li>\n<li>Cierre y actualice el navegador<\/li>\n<\/ol>\n<p>Para m\u00e1s informaci\u00f3n sobre Chrome, haga clic aqu\u00ed&nbsp;<a href=\"http:\/\/support.google.com\/chrome\/answer\/95647?hl=es\">http:\/\/support.google.com\/chrome\/answer\/95647?hl=es<\/a><\/p>\n<p><\/p>\n<p><strong>Internet Explorer. Versi\u00f3n 11<\/strong><\/p>\n<p><\/p>\n<ol>\n<li>Haga clic en el bot\u00f3n&nbsp;herramientas&nbsp;\u00bb, luego en \u00ab&nbsp;Opciones Internet&nbsp;\u00bb.<\/li>\n<li>Haga click on \u201cGeneral\u201d<\/li>\n<li>En \u00abHistorial de navegaci\u00f3n\u00bb, haga clic en \u00abEliminar historial de navegaci\u00f3n al salir del navegador\u00bb<\/li>\n<li>Haga click en \u00ab&nbsp;Borrar&nbsp;\u00bb<\/li>\n<li>Seleccionar \u00ab&nbsp;Cookies y datos de p\u00e1gina web&nbsp;\u00bb<\/li>\n<li>Haga click en \u00ab&nbsp;Borrar&nbsp;\u00bb<\/li>\n<li>Haga click \u00ab&nbsp;Aceptar&nbsp;\u00bb<\/li>\n<li>Cierre y actualice el navegador<\/li>\n<\/ol>\n<p>Para m\u00e1s informaci\u00f3n sobre Internet Explorer, haga clic &nbsp;<a href=\"https:\/\/support.microsoft.com\/fr-fr\/help\/278835\/how-to-delete-cookie-files-in-internet-explorer\">https:\/\/support.microsoft.com\/fr-fr\/help\/278835\/how-to-delete-cookie-files-in-internet-explorer<\/a><\/p>\n<p><\/p>\n<p><strong>Firefox. Versi\u00f3n 18<\/strong><\/p>\n<p><\/p>\n<ol>\n<li>Seleccione Firefox | Historial | Borrar historial reciente<\/li>\n<li>Haga clic en la flecha junto a \u00ab&nbsp;Detalles&nbsp;\u00bb<\/li>\n<li>Marque las siguientes casillas: Cookies, Cach\u00e9, Conexiones activas<\/li>\n<li>En el menu desplegable\u00ab&nbsp;Intervalo a borrar&nbsp;\u00bb, selectionar \u00ab&nbsp;Todo&nbsp;\u00bb<\/li>\n<li>Haga click\u00ab&nbsp;Borrar ahora&nbsp;\u00bb<\/li>\n<li>Cierre y actualice el navegador<\/li>\n<\/ol>\n<p>Puede aceptar o rechazar las cookies individualmente en las preferencias de Firefox &nbsp;: Herramientas | Opciones |Privacidad y seguridad | Historial<\/p>\n<p><\/p>\n<p>Para m\u00e1s informaci\u00f3n sobre Mozilla Firefox, haga clic aqu\u00ed: &nbsp;<a href=\"https:\/\/www.mozilla.org\/fr\/privacy\/websites\/#cookies\">https:\/\/www.mozilla.org\/fr\/privacy\/websites\/#cookies<\/a><\/p>\n<p>&nbsp;<strong>&nbsp;<\/strong><strong style=\"background-color: var(--background); font-family: var(--e-global-typography-text-font-family);\">Safari Versi\u00f3n 5.1<\/strong><\/p>\n<p><\/p>\n<ol>\n<li>Haga clic en el icono de Safari | Edici\u00f3n | Restablecer Safari<\/li>\n<li>Marque las siguientes casillas: Borrar historial, Eliminar todos los datos de sitios web<\/li>\n<li>Haga click \u00ab&nbsp; Restablecer&nbsp;<\/li>\n<li>Cierre y actualice el navegador<\/li>\n<\/ol>\n<p>Para obtener m\u00e1s informaci\u00f3n acerca de Safari, haga clic &nbsp;<a href=\"https:\/\/support.apple.com\/kb\/ph21411?locale=es_ES\">https:\/\/support.apple.com\/kb\/ph21411?locale=es_ES<\/a><\/p>\n<p><\/p>\n<p>&nbsp;<strong>Opera<\/strong><\/p>\n<p><\/p>\n<p>Preferiencias &gt; Avanzado &gt; Cookies<\/p>\n<p>Las preferencias de cookies le permiten controlar c\u00f3mo Opera gestiona las cookies y, por tanto, aceptarlas o no.<\/p>\n<p><\/p>\n<p>Para m\u00e1s informaci\u00f3n sobre Opera, haga clic aqu\u00ed&nbsp;<a href=\"https:\/\/help.opera.com\/en\/latest\/web-preferences\/#cookies\">https:\/\/help.opera.com\/en\/latest\/web-preferences\/#cookies<\/a><\/p>\n<p>Las cookies permiten el correcto funcionamiento de la p\u00e1gina www.lessaveursdespagne.com<\/p>\n<p><\/p>\t\t\t\t\t\t<\/div>\n\t\t\t\t<\/div>\n\t\t\t\t\t<\/div>\n\t\t<\/div>\n\t\t\t\t\t\t\t<\/div>\n\t\t<\/section>\n\t\t\t\t\t\t\t<\/div>\n\t\t","protected":false},"excerpt":{"rendered":"<p>INFORMACI\u00d3N SOBRE LAS COOKIES Entrada en vigor de la modificaci\u00f3n de la ley titulada \u00abLey de Servicios de la Sociedad de la Informaci\u00f3n&nbsp;\u00bb (LSSICE) establecida por el Real Decreto 13\/2012 hace obligatoria la obtenci\u00f3n del consentimiento expl\u00edcito del usuario por todos los sitios web que utilicen&nbsp;cookies&nbsp;cookies dispensables, antes de la navegaci\u00f3n del usuario por dichos [&hellip;]<\/p>\n","protected":false},"author":1,"featured_media":0,"parent":0,"menu_order":0,"comment_status":"closed","ping_status":"closed","template":"","meta":{"inline_featured_image":false,"footnotes":""},"class_list":["post-13202","page","type-page","status-publish","hentry"],"yoast_head":"<!-- This site is optimized with the Yoast SEO plugin v27.5 - https:\/\/yoast.com\/product\/yoast-seo-wordpress\/ -->\n<title>Pol\u00edtica de Cookies Les Saveurs d&#039;Espagne<\/title>\n<meta name=\"robots\" content=\"index, follow, max-snippet:-1, max-image-preview:large, max-video-preview:-1\" \/>\n<link rel=\"canonical\" href=\"https:\/\/www.lessaveursdespagne.com\/es\/cookies\/\" \/>\n<meta property=\"og:locale\" content=\"es_ES\" \/>\n<meta property=\"og:type\" content=\"article\" \/>\n<meta property=\"og:title\" content=\"Pol\u00edtica de Cookies Les Saveurs d&#039;Espagne\" \/>\n<meta property=\"og:description\" content=\"INFORMACI\u00d3N SOBRE LAS COOKIES Entrada en vigor de la modificaci\u00f3n de la ley titulada \u00abLey de Servicios de la Sociedad de la Informaci\u00f3n&nbsp;\u00bb (LSSICE) establecida por el Real Decreto 13\/2012 hace obligatoria la obtenci\u00f3n del consentimiento expl\u00edcito del usuario por todos los sitios web que utilicen&nbsp;cookies&nbsp;cookies dispensables, antes de la navegaci\u00f3n del usuario por dichos [&hellip;]\" \/>\n<meta property=\"og:url\" content=\"https:\/\/www.lessaveursdespagne.com\/es\/cookies\/\" \/>\n<meta property=\"og:site_name\" content=\"Les Saveurs d&#039;Espagne\" \/>\n<meta property=\"article:modified_time\" content=\"2024-02-28T14:57:58+00:00\" \/>\n<meta name=\"twitter:card\" content=\"summary_large_image\" \/>\n<meta name=\"twitter:label1\" content=\"Tiempo de lectura\" \/>\n\t<meta name=\"twitter:data1\" content=\"5 minutos\" \/>\n<script type=\"application\/ld+json\" class=\"yoast-schema-graph\">{\"@context\":\"https:\\\/\\\/schema.org\",\"@graph\":[{\"@type\":\"WebPage\",\"@id\":\"https:\\\/\\\/www.lessaveursdespagne.com\\\/es\\\/cookies\\\/\",\"url\":\"https:\\\/\\\/www.lessaveursdespagne.com\\\/es\\\/cookies\\\/\",\"name\":\"Pol\u00edtica de Cookies Les Saveurs d'Espagne\",\"isPartOf\":{\"@id\":\"https:\\\/\\\/www.lessaveursdespagne.com\\\/es\\\/#website\"},\"datePublished\":\"2022-08-07T12:30:50+00:00\",\"dateModified\":\"2024-02-28T14:57:58+00:00\",\"breadcrumb\":{\"@id\":\"https:\\\/\\\/www.lessaveursdespagne.com\\\/es\\\/cookies\\\/#breadcrumb\"},\"inLanguage\":\"es\",\"potentialAction\":[{\"@type\":\"ReadAction\",\"target\":[\"https:\\\/\\\/www.lessaveursdespagne.com\\\/es\\\/cookies\\\/\"]}]},{\"@type\":\"BreadcrumbList\",\"@id\":\"https:\\\/\\\/www.lessaveursdespagne.com\\\/es\\\/cookies\\\/#breadcrumb\",\"itemListElement\":[{\"@type\":\"ListItem\",\"position\":1,\"name\":\"Home\",\"item\":\"https:\\\/\\\/www.lessaveursdespagne.com\\\/es\\\/\"},{\"@type\":\"ListItem\",\"position\":2,\"name\":\"Cookies\"}]},{\"@type\":\"WebSite\",\"@id\":\"https:\\\/\\\/www.lessaveursdespagne.com\\\/es\\\/#website\",\"url\":\"https:\\\/\\\/www.lessaveursdespagne.com\\\/es\\\/\",\"name\":\"Les Saveurs d&#039;Espagne\",\"description\":\"Vente de produits espagnols locaux et artisanaux\",\"publisher\":{\"@id\":\"https:\\\/\\\/www.lessaveursdespagne.com\\\/es\\\/#organization\"},\"potentialAction\":[{\"@type\":\"SearchAction\",\"target\":{\"@type\":\"EntryPoint\",\"urlTemplate\":\"https:\\\/\\\/www.lessaveursdespagne.com\\\/es\\\/?s={search_term_string}\"},\"query-input\":{\"@type\":\"PropertyValueSpecification\",\"valueRequired\":true,\"valueName\":\"search_term_string\"}}],\"inLanguage\":\"es\"},{\"@type\":\"Organization\",\"@id\":\"https:\\\/\\\/www.lessaveursdespagne.com\\\/es\\\/#organization\",\"name\":\"Les Saveurs d&#039;Espagne\",\"url\":\"https:\\\/\\\/www.lessaveursdespagne.com\\\/es\\\/\",\"logo\":{\"@type\":\"ImageObject\",\"inLanguage\":\"es\",\"@id\":\"https:\\\/\\\/www.lessaveursdespagne.com\\\/es\\\/#\\\/schema\\\/logo\\\/image\\\/\",\"url\":\"https:\\\/\\\/www.lessaveursdespagne.com\\\/wp-content\\\/uploads\\\/2021\\\/10\\\/logo.png\",\"contentUrl\":\"https:\\\/\\\/www.lessaveursdespagne.com\\\/wp-content\\\/uploads\\\/2021\\\/10\\\/logo.png\",\"width\":300,\"height\":86,\"caption\":\"Les Saveurs d&#039;Espagne\"},\"image\":{\"@id\":\"https:\\\/\\\/www.lessaveursdespagne.com\\\/es\\\/#\\\/schema\\\/logo\\\/image\\\/\"}}]}<\/script>\n<!-- \/ Yoast SEO plugin. -->","yoast_head_json":{"title":"Pol\u00edtica de Cookies Les Saveurs d'Espagne","robots":{"index":"index","follow":"follow","max-snippet":"max-snippet:-1","max-image-preview":"max-image-preview:large","max-video-preview":"max-video-preview:-1"},"canonical":"https:\/\/www.lessaveursdespagne.com\/es\/cookies\/","og_locale":"es_ES","og_type":"article","og_title":"Pol\u00edtica de Cookies Les Saveurs d'Espagne","og_description":"INFORMACI\u00d3N SOBRE LAS COOKIES Entrada en vigor de la modificaci\u00f3n de la ley titulada \u00abLey de Servicios de la Sociedad de la Informaci\u00f3n&nbsp;\u00bb (LSSICE) establecida por el Real Decreto 13\/2012 hace obligatoria la obtenci\u00f3n del consentimiento expl\u00edcito del usuario por todos los sitios web que utilicen&nbsp;cookies&nbsp;cookies dispensables, antes de la navegaci\u00f3n del usuario por dichos [&hellip;]","og_url":"https:\/\/www.lessaveursdespagne.com\/es\/cookies\/","og_site_name":"Les Saveurs d&#039;Espagne","article_modified_time":"2024-02-28T14:57:58+00:00","twitter_card":"summary_large_image","twitter_misc":{"Tiempo de lectura":"5 minutos"},"schema":{"@context":"https:\/\/schema.org","@graph":[{"@type":"WebPage","@id":"https:\/\/www.lessaveursdespagne.com\/es\/cookies\/","url":"https:\/\/www.lessaveursdespagne.com\/es\/cookies\/","name":"Pol\u00edtica de Cookies Les Saveurs d'Espagne","isPartOf":{"@id":"https:\/\/www.lessaveursdespagne.com\/es\/#website"},"datePublished":"2022-08-07T12:30:50+00:00","dateModified":"2024-02-28T14:57:58+00:00","breadcrumb":{"@id":"https:\/\/www.lessaveursdespagne.com\/es\/cookies\/#breadcrumb"},"inLanguage":"es","potentialAction":[{"@type":"ReadAction","target":["https:\/\/www.lessaveursdespagne.com\/es\/cookies\/"]}]},{"@type":"BreadcrumbList","@id":"https:\/\/www.lessaveursdespagne.com\/es\/cookies\/#breadcrumb","itemListElement":[{"@type":"ListItem","position":1,"name":"Home","item":"https:\/\/www.lessaveursdespagne.com\/es\/"},{"@type":"ListItem","position":2,"name":"Cookies"}]},{"@type":"WebSite","@id":"https:\/\/www.lessaveursdespagne.com\/es\/#website","url":"https:\/\/www.lessaveursdespagne.com\/es\/","name":"Les Saveurs d&#039;Espagne","description":"Vente de produits espagnols locaux et artisanaux","publisher":{"@id":"https:\/\/www.lessaveursdespagne.com\/es\/#organization"},"potentialAction":[{"@type":"SearchAction","target":{"@type":"EntryPoint","urlTemplate":"https:\/\/www.lessaveursdespagne.com\/es\/?s={search_term_string}"},"query-input":{"@type":"PropertyValueSpecification","valueRequired":true,"valueName":"search_term_string"}}],"inLanguage":"es"},{"@type":"Organization","@id":"https:\/\/www.lessaveursdespagne.com\/es\/#organization","name":"Les Saveurs d&#039;Espagne","url":"https:\/\/www.lessaveursdespagne.com\/es\/","logo":{"@type":"ImageObject","inLanguage":"es","@id":"https:\/\/www.lessaveursdespagne.com\/es\/#\/schema\/logo\/image\/","url":"https:\/\/www.lessaveursdespagne.com\/wp-content\/uploads\/2021\/10\/logo.png","contentUrl":"https:\/\/www.lessaveursdespagne.com\/wp-content\/uploads\/2021\/10\/logo.png","width":300,"height":86,"caption":"Les Saveurs d&#039;Espagne"},"image":{"@id":"https:\/\/www.lessaveursdespagne.com\/es\/#\/schema\/logo\/image\/"}}]}},"_links":{"self":[{"href":"https:\/\/www.lessaveursdespagne.com\/es\/wp-json\/wp\/v2\/pages\/13202","targetHints":{"allow":["GET"]}}],"collection":[{"href":"https:\/\/www.lessaveursdespagne.com\/es\/wp-json\/wp\/v2\/pages"}],"about":[{"href":"https:\/\/www.lessaveursdespagne.com\/es\/wp-json\/wp\/v2\/types\/page"}],"author":[{"embeddable":true,"href":"https:\/\/www.lessaveursdespagne.com\/es\/wp-json\/wp\/v2\/users\/1"}],"replies":[{"embeddable":true,"href":"https:\/\/www.lessaveursdespagne.com\/es\/wp-json\/wp\/v2\/comments?post=13202"}],"version-history":[{"count":1,"href":"https:\/\/www.lessaveursdespagne.com\/es\/wp-json\/wp\/v2\/pages\/13202\/revisions"}],"predecessor-version":[{"id":13203,"href":"https:\/\/www.lessaveursdespagne.com\/es\/wp-json\/wp\/v2\/pages\/13202\/revisions\/13203"}],"wp:attachment":[{"href":"https:\/\/www.lessaveursdespagne.com\/es\/wp-json\/wp\/v2\/media?parent=13202"}],"curies":[{"name":"wp","href":"https:\/\/api.w.org\/{rel}","templated":true}]}}