
{"id":13210,"date":"2021-10-14T02:24:40","date_gmt":"2021-10-14T00:24:40","guid":{"rendered":"https:\/\/www.lessaveursdespagne.com\/quien-somos\/"},"modified":"2024-02-28T16:15:50","modified_gmt":"2024-02-28T15:15:50","slug":"quien-somos","status":"publish","type":"page","link":"https:\/\/www.lessaveursdespagne.com\/es\/quien-somos\/","title":{"rendered":"Quien somos ?"},"content":{"rendered":"\t\t<div data-elementor-type=\"wp-page\" data-elementor-id=\"13210\" class=\"elementor elementor-13210 elementor-587\">\n\t\t\t\t\t\t\t\t\t<div class=\"elementor-section elementor-top-section elementor-element elementor-element-df3f5b8 elementor-section-stretched elementor-section-boxed elementor-section-height-default elementor-section-height-default\" data-id=\"df3f5b8\" data-element_type=\"section\" data-settings=\"{&quot;stretch_section&quot;:&quot;section-stretched&quot;}\">\n\t\t\t\t\t\t<div class=\"elementor-container elementor-column-gap-no\">\n\t\t\t\t\t<div class=\"elementor-column elementor-col-50 elementor-top-column elementor-element elementor-element-05715d6\" data-id=\"05715d6\" data-element_type=\"column\">\n\t\t\t<div class=\"elementor-widget-wrap elementor-element-populated\">\n\t\t\t\t\t\t\t\t<div class=\"elementor-element elementor-element-37644fd elementor-widget elementor-widget-image\" data-id=\"37644fd\" data-element_type=\"widget\" data-widget_type=\"image.default\">\n\t\t\t\t<div class=\"elementor-widget-container\">\n\t\t\t<style>\/*! elementor - v3.6.8 - 27-07-2022 *\/\n.elementor-widget-image{text-align:center}.elementor-widget-image a{display:inline-block}.elementor-widget-image a img[src$=\".svg\"]{width:48px}.elementor-widget-image img{vertical-align:middle;display:inline-block}<\/style>\t\t\t\t\t\t\t\t\t\t\t\t<img loading=\"lazy\" decoding=\"async\" width=\"1000\" height=\"810\" src=\"https:\/\/www.lessaveursdespagne.com\/wp-content\/uploads\/2022\/08\/prado-del-rey-cadiz.jpg\" class=\"attachment-full size-full\" alt=\"\" \/>\t\t\t\t\t\t\t\t\t\t\t\t\t\t\t<\/div>\n\t\t\t\t<\/div>\n\t\t\t\t\t<\/div>\n\t\t<\/div>\n\t\t\t\t<div class=\"elementor-column elementor-col-50 elementor-top-column elementor-element elementor-element-942bc6f\" data-id=\"942bc6f\" data-element_type=\"column\">\n\t\t\t<div class=\"elementor-widget-wrap elementor-element-populated\">\n\t\t\t\t\t\t\t\t<div class=\"elementor-element elementor-element-c70e0ac elementor-widget elementor-widget-text-editor\" data-id=\"c70e0ac\" data-element_type=\"widget\" data-widget_type=\"text-editor.default\">\n\t\t\t\t<div class=\"elementor-widget-container\">\n\t\t\t<style>\/*! elementor - v3.6.8 - 27-07-2022 *\/\n.elementor-widget-text-editor.elementor-drop-cap-view-stacked .elementor-drop-cap{background-color:#818a91;color:#fff}.elementor-widget-text-editor.elementor-drop-cap-view-framed .elementor-drop-cap{color:#818a91;border:3px solid;background-color:transparent}.elementor-widget-text-editor:not(.elementor-drop-cap-view-default) .elementor-drop-cap{margin-top:8px}.elementor-widget-text-editor:not(.elementor-drop-cap-view-default) .elementor-drop-cap-letter{width:1em;height:1em}.elementor-widget-text-editor .elementor-drop-cap{float:left;text-align:center;line-height:1;font-size:50px}.elementor-widget-text-editor .elementor-drop-cap-letter{display:inline-block}<\/style>\t\t\t\t<p>La calidad primero<\/p>\n\t\t\t\t\t\t<\/div>\n\t\t\t\t<\/div>\n\t\t\t\t<div class=\"elementor-element elementor-element-ec076b7 elementor-widget__width-initial elementor-widget elementor-widget-heading\" data-id=\"ec076b7\" data-element_type=\"widget\" data-widget_type=\"heading.default\">\n\t\t\t\t<div class=\"elementor-widget-container\">\n\t\t\t<style>\/*! elementor - v3.6.8 - 27-07-2022 *\/\n.elementor-heading-title{padding:0;margin:0;line-height:1}.elementor-widget-heading .elementor-heading-title[class*=elementor-size-]>a{color:inherit;font-size:inherit;line-height:inherit}.elementor-widget-heading .elementor-heading-title.elementor-size-small{font-size:15px}.elementor-widget-heading .elementor-heading-title.elementor-size-medium{font-size:19px}.elementor-widget-heading .elementor-heading-title.elementor-size-large{font-size:29px}.elementor-widget-heading .elementor-heading-title.elementor-size-xl{font-size:39px}.elementor-widget-heading .elementor-heading-title.elementor-size-xxl{font-size:59px}<\/style><h2 class=\"elementor-heading-title elementor-size-default\">Los mejores productos espa\u00f1oles directamente en casa<\/h2>\t\t<\/div>\n\t\t\t\t<\/div>\n\t\t\t\t<div class=\"elementor-element elementor-element-f5d907b elementor-widget__width-initial elementor-widget elementor-widget-text-editor\" data-id=\"f5d907b\" data-element_type=\"widget\" data-widget_type=\"text-editor.default\">\n\t\t\t\t<div class=\"elementor-widget-container\">\n\t\t\t\t\t\t\t<p>Sabores de Espa\u00f1a es una empresa familiar creada en un peque\u00f1o pueblo de la Sierra de C\u00e1diz en Andaluc\u00eda. A trav\u00e9s de esta web, queremos llevar a tu casa los diferentes sabores de productores locales andaluces que no encontrar\u00e1s en Francia. Vamos a tratar constantemente de actualizar nuestro cat\u00e1logo para ofrecerle los mejores productos de nuestra hermosa regi\u00f3n.<\/p>\n<p>Por lo tanto, apenas comenzamos a confiar en usted si tiene alguna sugerencia o observaci\u00f3n para mejorar el funcionamiento de nuestra p\u00e1gina web.<\/p>\t\t\t\t\t\t<\/div>\n\t\t\t\t<\/div>\n\t\t\t\t\t<\/div>\n\t\t<\/div>\n\t\t\t\t\t\t\t<\/div>\n\t\t<\/div>\n\t\t\t\t<div class=\"elementor-section elementor-top-section elementor-element elementor-element-a2d3141 elementor-section-stretched elementor-section-boxed elementor-section-height-default elementor-section-height-default\" data-id=\"a2d3141\" data-element_type=\"section\" data-settings=\"{&quot;stretch_section&quot;:&quot;section-stretched&quot;,&quot;background_background&quot;:&quot;classic&quot;}\">\n\t\t\t\t\t\t<div class=\"elementor-container elementor-column-gap-no\">\n\t\t\t\t\t<div class=\"elementor-column elementor-col-20 elementor-top-column elementor-element elementor-element-f0f1170\" data-id=\"f0f1170\" data-element_type=\"column\">\n\t\t\t<div class=\"elementor-widget-wrap elementor-element-populated\">\n\t\t\t\t\t\t\t\t<div class=\"elementor-element elementor-element-0de30ab elementor-position-top ecolive-image-box-style-1 elementor-vertical-align-top elementor-widget elementor-widget-image-box\" data-id=\"0de30ab\" data-element_type=\"widget\" data-widget_type=\"image-box.default\">\n\t\t\t\t<div class=\"elementor-widget-container\">\n\t\t\t<style>.elementor-widget-image-box .elementor-image-box-content{width:100%}@media (min-width:700px){.elementor-widget-image-box.elementor-position-left .elementor-image-box-wrapper,.elementor-widget-image-box.elementor-position-right .elementor-image-box-wrapper{display:flex}.elementor-widget-image-box.elementor-position-right .elementor-image-box-wrapper{text-align:right;flex-direction:row-reverse}.elementor-widget-image-box.elementor-position-left .elementor-image-box-wrapper{text-align:left;flex-direction:row}.elementor-widget-image-box.elementor-position-top .elementor-image-box-img{margin:auto}.elementor-widget-image-box.elementor-vertical-align-top .elementor-image-box-wrapper{align-items:flex-start}.elementor-widget-image-box.elementor-vertical-align-middle .elementor-image-box-wrapper{align-items:center}.elementor-widget-image-box.elementor-vertical-align-bottom .elementor-image-box-wrapper{align-items:flex-end}}@media (max-width:699px){.elementor-widget-image-box .elementor-image-box-img{margin-left:auto!important;margin-right:auto!important;margin-bottom:15px}}.elementor-widget-image-box .elementor-image-box-img{display:inline-block}.elementor-widget-image-box .elementor-image-box-title a{color:inherit}.elementor-widget-image-box .elementor-image-box-wrapper{text-align:center}.elementor-widget-image-box .elementor-image-box-description{margin:0}<\/style><div class=\"elementor-image-box-wrapper\"><figure class=\"elementor-image-box-img\"><img decoding=\"async\" src=\"https:\/\/demo2wpopal.b-cdn.net\/ecolive\/wp-content\/uploads\/2021\/10\/h6_image9.png\" title=\"\" alt=\"\" \/><\/figure><div class=\"elementor-image-box-content\"><h3 class=\"elementor-image-box-title\">Descubre nuestros diferentes productos <\/h3><p class=\"elementor-image-box-description\">Un poco de aceite, miel, conservas... Si tiene alguna duda o pregunta sobre un producto, \u00a1cont\u00e1ctenos!<\/p><\/div><\/div>\t\t<\/div>\n\t\t\t\t<\/div>\n\t\t\t\t\t<\/div>\n\t\t<\/div>\n\t\t\t\t<div class=\"elementor-column elementor-col-20 elementor-top-column elementor-element elementor-element-bba4688 elementor-hidden-mobile_extra\" data-id=\"bba4688\" data-element_type=\"column\">\n\t\t\t<div class=\"elementor-widget-wrap elementor-element-populated\">\n\t\t\t\t\t\t\t\t<div class=\"elementor-element elementor-element-cf1510f elementor-hidden-mobile elementor-widget elementor-widget-image\" data-id=\"cf1510f\" data-element_type=\"widget\" data-widget_type=\"image.default\">\n\t\t\t\t<div class=\"elementor-widget-container\">\n\t\t\t\t\t\t\t\t\t\t\t\t\t\t\t<img decoding=\"async\" src=\"https:\/\/demo2wpopal.b-cdn.net\/ecolive\/wp-content\/uploads\/2021\/10\/h6_image5.png\" title=\"\" alt=\"\" \/>\t\t\t\t\t\t\t\t\t\t\t\t\t\t\t<\/div>\n\t\t\t\t<\/div>\n\t\t\t\t\t<\/div>\n\t\t<\/div>\n\t\t\t\t<div class=\"elementor-column elementor-col-20 elementor-top-column elementor-element elementor-element-dfb6c75\" data-id=\"dfb6c75\" data-element_type=\"column\">\n\t\t\t<div class=\"elementor-widget-wrap elementor-element-populated\">\n\t\t\t\t\t\t\t\t<div class=\"elementor-element elementor-element-9678db0 elementor-position-top ecolive-image-box-style-1 elementor-vertical-align-top elementor-widget elementor-widget-image-box\" data-id=\"9678db0\" data-element_type=\"widget\" data-widget_type=\"image-box.default\">\n\t\t\t\t<div class=\"elementor-widget-container\">\n\t\t\t<div class=\"elementor-image-box-wrapper\"><figure class=\"elementor-image-box-img\"><img decoding=\"async\" src=\"https:\/\/demo2wpopal.b-cdn.net\/ecolive\/wp-content\/uploads\/2021\/10\/h6_image11.png\" title=\"\" alt=\"\" \/><\/figure><div class=\"elementor-image-box-content\"><h3 class=\"elementor-image-box-title\">Haga un pedido<\/h3><p class=\"elementor-image-box-description\">Solo tienes que pedir tus productos favoritos. Es simple y r\u00e1pido!<\/p><\/div><\/div>\t\t<\/div>\n\t\t\t\t<\/div>\n\t\t\t\t\t<\/div>\n\t\t<\/div>\n\t\t\t\t<div class=\"elementor-column elementor-col-20 elementor-top-column elementor-element elementor-element-5439c43 elementor-hidden-mobile_extra\" data-id=\"5439c43\" data-element_type=\"column\">\n\t\t\t<div class=\"elementor-widget-wrap elementor-element-populated\">\n\t\t\t\t\t\t\t\t<div class=\"elementor-element elementor-element-cbfe3e1 elementor-hidden-mobile elementor-widget elementor-widget-image\" data-id=\"cbfe3e1\" data-element_type=\"widget\" data-widget_type=\"image.default\">\n\t\t\t\t<div class=\"elementor-widget-container\">\n\t\t\t\t\t\t\t\t\t\t\t\t\t\t\t<img decoding=\"async\" src=\"https:\/\/demo2wpopal.b-cdn.net\/ecolive\/wp-content\/uploads\/2021\/10\/h6_image5.png\" title=\"\" alt=\"\" \/>\t\t\t\t\t\t\t\t\t\t\t\t\t\t\t<\/div>\n\t\t\t\t<\/div>\n\t\t\t\t\t<\/div>\n\t\t<\/div>\n\t\t\t\t<div class=\"elementor-column elementor-col-20 elementor-top-column elementor-element elementor-element-ed8a70e\" data-id=\"ed8a70e\" data-element_type=\"column\">\n\t\t\t<div class=\"elementor-widget-wrap elementor-element-populated\">\n\t\t\t\t\t\t\t\t<div class=\"elementor-element elementor-element-80982b4 elementor-position-top ecolive-image-box-style-1 elementor-vertical-align-top elementor-widget elementor-widget-image-box\" data-id=\"80982b4\" data-element_type=\"widget\" data-widget_type=\"image-box.default\">\n\t\t\t\t<div class=\"elementor-widget-container\">\n\t\t\t<div class=\"elementor-image-box-wrapper\"><figure class=\"elementor-image-box-img\"><img decoding=\"async\" src=\"https:\/\/demo2wpopal.b-cdn.net\/ecolive\/wp-content\/uploads\/2021\/10\/h6_image10.png\" title=\"\" alt=\"\" \/><\/figure><div class=\"elementor-image-box-content\"><h3 class=\"elementor-image-box-title\">Recepci\u00f3n de su pedido<\/h3><p class=\"elementor-image-box-description\">Tomaremos el m\u00e1ximo cuidado al preparar su pedido para que todos sus productos lleguen en perfecto estado. \u00a1Solo tendr\u00e1s que probarlos!<\/p><\/div><\/div>\t\t<\/div>\n\t\t\t\t<\/div>\n\t\t\t\t\t<\/div>\n\t\t<\/div>\n\t\t\t\t\t\t\t<\/div>\n\t\t<\/div>\n\t\t\t\t\t\t\t<\/div>\n\t\t","protected":false},"excerpt":{"rendered":"<p>La calidad primero Los mejores productos espa\u00f1oles directamente en casa Sabores de Espa\u00f1a es una empresa familiar creada en un peque\u00f1o pueblo de la Sierra de C\u00e1diz en Andaluc\u00eda. A trav\u00e9s de esta web, queremos llevar a tu casa los diferentes sabores de productores locales andaluces que no encontrar\u00e1s en Francia. Vamos a tratar constantemente [&hellip;]<\/p>\n","protected":false},"author":1,"featured_media":12453,"parent":0,"menu_order":0,"comment_status":"closed","ping_status":"closed","template":"template-homepage.php","meta":{"inline_featured_image":false,"footnotes":""},"class_list":["post-13210","page","type-page","status-publish","has-post-thumbnail","hentry"],"yoast_head":"<!-- This site is optimized with the Yoast SEO plugin v27.5 - https:\/\/yoast.com\/product\/yoast-seo-wordpress\/ -->\n<title>Qui\u00e9nes somos | Calidad ante todo<\/title>\n<meta name=\"description\" content=\"Sabores de Espa\u00f1a es una empresa familiar creada en un peque\u00f1o pueblo de la Sierra de C\u00e1diz en Andaluc\u00eda. A trav\u00e9s de este sitio web queremos...\" \/>\n<meta name=\"robots\" content=\"index, follow, max-snippet:-1, max-image-preview:large, max-video-preview:-1\" \/>\n<link rel=\"canonical\" href=\"https:\/\/www.lessaveursdespagne.com\/es\/quien-somos\/\" \/>\n<meta property=\"og:locale\" content=\"es_ES\" \/>\n<meta property=\"og:type\" content=\"article\" \/>\n<meta property=\"og:title\" content=\"Qui\u00e9nes somos | Calidad ante todo\" \/>\n<meta property=\"og:description\" content=\"Sabores de Espa\u00f1a es una empresa familiar creada en un peque\u00f1o pueblo de la Sierra de C\u00e1diz en Andaluc\u00eda. A trav\u00e9s de este sitio web queremos...\" \/>\n<meta property=\"og:url\" content=\"https:\/\/www.lessaveursdespagne.com\/es\/quien-somos\/\" \/>\n<meta property=\"og:site_name\" content=\"Les Saveurs d&#039;Espagne\" \/>\n<meta property=\"article:modified_time\" content=\"2024-02-28T15:15:50+00:00\" \/>\n<meta property=\"og:image\" content=\"https:\/\/www.lessaveursdespagne.com\/wp-content\/uploads\/2022\/08\/prado-del-rey-cadiz.jpg\" \/>\n\t<meta property=\"og:image:width\" content=\"1000\" \/>\n\t<meta property=\"og:image:height\" content=\"810\" \/>\n\t<meta property=\"og:image:type\" content=\"image\/jpeg\" \/>\n<meta name=\"twitter:card\" content=\"summary_large_image\" \/>\n<meta name=\"twitter:label1\" content=\"Tiempo de lectura\" \/>\n\t<meta name=\"twitter:data1\" content=\"1 minuto\" \/>\n<script type=\"application\/ld+json\" class=\"yoast-schema-graph\">{\"@context\":\"https:\\\/\\\/schema.org\",\"@graph\":[{\"@type\":\"WebPage\",\"@id\":\"https:\\\/\\\/www.lessaveursdespagne.com\\\/es\\\/quien-somos\\\/\",\"url\":\"https:\\\/\\\/www.lessaveursdespagne.com\\\/es\\\/quien-somos\\\/\",\"name\":\"Qui\u00e9nes somos | Calidad ante todo\",\"isPartOf\":{\"@id\":\"https:\\\/\\\/www.lessaveursdespagne.com\\\/es\\\/#website\"},\"primaryImageOfPage\":{\"@id\":\"https:\\\/\\\/www.lessaveursdespagne.com\\\/es\\\/quien-somos\\\/#primaryimage\"},\"image\":{\"@id\":\"https:\\\/\\\/www.lessaveursdespagne.com\\\/es\\\/quien-somos\\\/#primaryimage\"},\"thumbnailUrl\":\"https:\\\/\\\/www.lessaveursdespagne.com\\\/wp-content\\\/uploads\\\/2022\\\/08\\\/prado-del-rey-cadiz.jpg\",\"datePublished\":\"2021-10-14T00:24:40+00:00\",\"dateModified\":\"2024-02-28T15:15:50+00:00\",\"description\":\"Sabores de Espa\u00f1a es una empresa familiar creada en un peque\u00f1o pueblo de la Sierra de C\u00e1diz en Andaluc\u00eda. A trav\u00e9s de este sitio web queremos...\",\"breadcrumb\":{\"@id\":\"https:\\\/\\\/www.lessaveursdespagne.com\\\/es\\\/quien-somos\\\/#breadcrumb\"},\"inLanguage\":\"es\",\"potentialAction\":[{\"@type\":\"ReadAction\",\"target\":[\"https:\\\/\\\/www.lessaveursdespagne.com\\\/es\\\/quien-somos\\\/\"]}]},{\"@type\":\"ImageObject\",\"inLanguage\":\"es\",\"@id\":\"https:\\\/\\\/www.lessaveursdespagne.com\\\/es\\\/quien-somos\\\/#primaryimage\",\"url\":\"https:\\\/\\\/www.lessaveursdespagne.com\\\/wp-content\\\/uploads\\\/2022\\\/08\\\/prado-del-rey-cadiz.jpg\",\"contentUrl\":\"https:\\\/\\\/www.lessaveursdespagne.com\\\/wp-content\\\/uploads\\\/2022\\\/08\\\/prado-del-rey-cadiz.jpg\",\"width\":1000,\"height\":810},{\"@type\":\"BreadcrumbList\",\"@id\":\"https:\\\/\\\/www.lessaveursdespagne.com\\\/es\\\/quien-somos\\\/#breadcrumb\",\"itemListElement\":[{\"@type\":\"ListItem\",\"position\":1,\"name\":\"Home\",\"item\":\"https:\\\/\\\/www.lessaveursdespagne.com\\\/es\\\/\"},{\"@type\":\"ListItem\",\"position\":2,\"name\":\"Quien somos ?\"}]},{\"@type\":\"WebSite\",\"@id\":\"https:\\\/\\\/www.lessaveursdespagne.com\\\/es\\\/#website\",\"url\":\"https:\\\/\\\/www.lessaveursdespagne.com\\\/es\\\/\",\"name\":\"Les Saveurs d&#039;Espagne\",\"description\":\"Vente de produits espagnols locaux et artisanaux\",\"publisher\":{\"@id\":\"https:\\\/\\\/www.lessaveursdespagne.com\\\/es\\\/#organization\"},\"potentialAction\":[{\"@type\":\"SearchAction\",\"target\":{\"@type\":\"EntryPoint\",\"urlTemplate\":\"https:\\\/\\\/www.lessaveursdespagne.com\\\/es\\\/?s={search_term_string}\"},\"query-input\":{\"@type\":\"PropertyValueSpecification\",\"valueRequired\":true,\"valueName\":\"search_term_string\"}}],\"inLanguage\":\"es\"},{\"@type\":\"Organization\",\"@id\":\"https:\\\/\\\/www.lessaveursdespagne.com\\\/es\\\/#organization\",\"name\":\"Les Saveurs d&#039;Espagne\",\"url\":\"https:\\\/\\\/www.lessaveursdespagne.com\\\/es\\\/\",\"logo\":{\"@type\":\"ImageObject\",\"inLanguage\":\"es\",\"@id\":\"https:\\\/\\\/www.lessaveursdespagne.com\\\/es\\\/#\\\/schema\\\/logo\\\/image\\\/\",\"url\":\"https:\\\/\\\/www.lessaveursdespagne.com\\\/wp-content\\\/uploads\\\/2021\\\/10\\\/logo.png\",\"contentUrl\":\"https:\\\/\\\/www.lessaveursdespagne.com\\\/wp-content\\\/uploads\\\/2021\\\/10\\\/logo.png\",\"width\":300,\"height\":86,\"caption\":\"Les Saveurs d&#039;Espagne\"},\"image\":{\"@id\":\"https:\\\/\\\/www.lessaveursdespagne.com\\\/es\\\/#\\\/schema\\\/logo\\\/image\\\/\"}}]}<\/script>\n<!-- \/ Yoast SEO plugin. -->","yoast_head_json":{"title":"Qui\u00e9nes somos | Calidad ante todo","description":"Sabores de Espa\u00f1a es una empresa familiar creada en un peque\u00f1o pueblo de la Sierra de C\u00e1diz en Andaluc\u00eda. A trav\u00e9s de este sitio web queremos...","robots":{"index":"index","follow":"follow","max-snippet":"max-snippet:-1","max-image-preview":"max-image-preview:large","max-video-preview":"max-video-preview:-1"},"canonical":"https:\/\/www.lessaveursdespagne.com\/es\/quien-somos\/","og_locale":"es_ES","og_type":"article","og_title":"Qui\u00e9nes somos | Calidad ante todo","og_description":"Sabores de Espa\u00f1a es una empresa familiar creada en un peque\u00f1o pueblo de la Sierra de C\u00e1diz en Andaluc\u00eda. A trav\u00e9s de este sitio web queremos...","og_url":"https:\/\/www.lessaveursdespagne.com\/es\/quien-somos\/","og_site_name":"Les Saveurs d&#039;Espagne","article_modified_time":"2024-02-28T15:15:50+00:00","og_image":[{"width":1000,"height":810,"url":"https:\/\/www.lessaveursdespagne.com\/wp-content\/uploads\/2022\/08\/prado-del-rey-cadiz.jpg","type":"image\/jpeg"}],"twitter_card":"summary_large_image","twitter_misc":{"Tiempo de lectura":"1 minuto"},"schema":{"@context":"https:\/\/schema.org","@graph":[{"@type":"WebPage","@id":"https:\/\/www.lessaveursdespagne.com\/es\/quien-somos\/","url":"https:\/\/www.lessaveursdespagne.com\/es\/quien-somos\/","name":"Qui\u00e9nes somos | Calidad ante todo","isPartOf":{"@id":"https:\/\/www.lessaveursdespagne.com\/es\/#website"},"primaryImageOfPage":{"@id":"https:\/\/www.lessaveursdespagne.com\/es\/quien-somos\/#primaryimage"},"image":{"@id":"https:\/\/www.lessaveursdespagne.com\/es\/quien-somos\/#primaryimage"},"thumbnailUrl":"https:\/\/www.lessaveursdespagne.com\/wp-content\/uploads\/2022\/08\/prado-del-rey-cadiz.jpg","datePublished":"2021-10-14T00:24:40+00:00","dateModified":"2024-02-28T15:15:50+00:00","description":"Sabores de Espa\u00f1a es una empresa familiar creada en un peque\u00f1o pueblo de la Sierra de C\u00e1diz en Andaluc\u00eda. A trav\u00e9s de este sitio web queremos...","breadcrumb":{"@id":"https:\/\/www.lessaveursdespagne.com\/es\/quien-somos\/#breadcrumb"},"inLanguage":"es","potentialAction":[{"@type":"ReadAction","target":["https:\/\/www.lessaveursdespagne.com\/es\/quien-somos\/"]}]},{"@type":"ImageObject","inLanguage":"es","@id":"https:\/\/www.lessaveursdespagne.com\/es\/quien-somos\/#primaryimage","url":"https:\/\/www.lessaveursdespagne.com\/wp-content\/uploads\/2022\/08\/prado-del-rey-cadiz.jpg","contentUrl":"https:\/\/www.lessaveursdespagne.com\/wp-content\/uploads\/2022\/08\/prado-del-rey-cadiz.jpg","width":1000,"height":810},{"@type":"BreadcrumbList","@id":"https:\/\/www.lessaveursdespagne.com\/es\/quien-somos\/#breadcrumb","itemListElement":[{"@type":"ListItem","position":1,"name":"Home","item":"https:\/\/www.lessaveursdespagne.com\/es\/"},{"@type":"ListItem","position":2,"name":"Quien somos ?"}]},{"@type":"WebSite","@id":"https:\/\/www.lessaveursdespagne.com\/es\/#website","url":"https:\/\/www.lessaveursdespagne.com\/es\/","name":"Les Saveurs d&#039;Espagne","description":"Vente de produits espagnols locaux et artisanaux","publisher":{"@id":"https:\/\/www.lessaveursdespagne.com\/es\/#organization"},"potentialAction":[{"@type":"SearchAction","target":{"@type":"EntryPoint","urlTemplate":"https:\/\/www.lessaveursdespagne.com\/es\/?s={search_term_string}"},"query-input":{"@type":"PropertyValueSpecification","valueRequired":true,"valueName":"search_term_string"}}],"inLanguage":"es"},{"@type":"Organization","@id":"https:\/\/www.lessaveursdespagne.com\/es\/#organization","name":"Les Saveurs d&#039;Espagne","url":"https:\/\/www.lessaveursdespagne.com\/es\/","logo":{"@type":"ImageObject","inLanguage":"es","@id":"https:\/\/www.lessaveursdespagne.com\/es\/#\/schema\/logo\/image\/","url":"https:\/\/www.lessaveursdespagne.com\/wp-content\/uploads\/2021\/10\/logo.png","contentUrl":"https:\/\/www.lessaveursdespagne.com\/wp-content\/uploads\/2021\/10\/logo.png","width":300,"height":86,"caption":"Les Saveurs d&#039;Espagne"},"image":{"@id":"https:\/\/www.lessaveursdespagne.com\/es\/#\/schema\/logo\/image\/"}}]}},"_links":{"self":[{"href":"https:\/\/www.lessaveursdespagne.com\/es\/wp-json\/wp\/v2\/pages\/13210","targetHints":{"allow":["GET"]}}],"collection":[{"href":"https:\/\/www.lessaveursdespagne.com\/es\/wp-json\/wp\/v2\/pages"}],"about":[{"href":"https:\/\/www.lessaveursdespagne.com\/es\/wp-json\/wp\/v2\/types\/page"}],"author":[{"embeddable":true,"href":"https:\/\/www.lessaveursdespagne.com\/es\/wp-json\/wp\/v2\/users\/1"}],"replies":[{"embeddable":true,"href":"https:\/\/www.lessaveursdespagne.com\/es\/wp-json\/wp\/v2\/comments?post=13210"}],"version-history":[{"count":1,"href":"https:\/\/www.lessaveursdespagne.com\/es\/wp-json\/wp\/v2\/pages\/13210\/revisions"}],"predecessor-version":[{"id":13211,"href":"https:\/\/www.lessaveursdespagne.com\/es\/wp-json\/wp\/v2\/pages\/13210\/revisions\/13211"}],"wp:featuredmedia":[{"embeddable":true,"href":"https:\/\/www.lessaveursdespagne.com\/es\/wp-json\/wp\/v2\/media\/12453"}],"wp:attachment":[{"href":"https:\/\/www.lessaveursdespagne.com\/es\/wp-json\/wp\/v2\/media?parent=13210"}],"curies":[{"name":"wp","href":"https:\/\/api.w.org\/{rel}","templated":true}]}}