{"id":13037,"date":"2022-09-06T09:50:39","date_gmt":"2022-09-06T07:50:39","guid":{"rendered":"https:\/\/www.lessaveursdespagne.com\/produit\/paprika-de-la-vera-dulce-75g-aop\/"},"modified":"2026-03-09T13:00:55","modified_gmt":"2026-03-09T12:00:55","slug":"paprika-de-la-vera-dulce-75g-aop","status":"publish","type":"product","link":"https:\/\/www.lessaveursdespagne.com\/es\/producto\/paprika-de-la-vera-dulce-75g-aop\/","title":{"rendered":"Paprika de la Vera dulce 75g (AOP)"},"content":{"rendered":"<p>Paprika de la Vera dulce de la marca Vega C\u00e1ceres. Producto AOP.<\/p>\n<p>Caja metalica de 75g.<\/p>\n<p>Ideal para aromatizar sus platos. En Espa\u00f1a, usamos el piment\u00f3n para el pulpo a la gallega o los diferentes potajes.<\/p>\n<p>&nbsp;<\/p>\n<p>En caso de que el producto no est\u00e9 disponible, ser\u00e1 reemplazado por una marca equivalente.<\/p>\n","protected":false},"excerpt":{"rendered":"<p>Paprika de la Vera dulce de la marca Vega C\u00e1ceres. Producto AOP. Caja metalica de 75g. Ideal para aromatizar sus platos. En Espa\u00f1a, usamos el piment\u00f3n para el pulpo a la gallega o los diferentes potajes. &nbsp; En caso de que el producto no est\u00e9 disponible, ser\u00e1 reemplazado por una marca equivalente.<\/p>\n","protected":false},"featured_media":12643,"comment_status":"open","ping_status":"closed","template":"","meta":{"inline_featured_image":false},"product_cat":[76],"product_tag":[],"class_list":{"0":"post-13037","1":"product","2":"type-product","3":"status-publish","4":"has-post-thumbnail","6":"product_cat-especias","8":"first","9":"instock","10":"taxable","11":"shipping-taxable","12":"purchasable","13":"product-type-simple"},"yoast_head":"<!-- This site is optimized with the Yoast SEO plugin v27.5 - https:\/\/yoast.com\/product\/yoast-seo-wordpress\/ -->\n<title>Paprika de la Vera dulce 75g (AOP) - Les Saveurs d&#039;Espagne<\/title>\n<meta name=\"description\" content=\"Paprika de la Vera dulce de la marca Vega C\u00e1ceres. Producto AOP.\" \/>\n<meta name=\"robots\" content=\"index, follow, max-snippet:-1, max-image-preview:large, max-video-preview:-1\" \/>\n<link rel=\"canonical\" href=\"https:\/\/www.lessaveursdespagne.com\/es\/producto\/paprika-de-la-vera-dulce-75g-aop\/\" \/>\n<meta property=\"og:locale\" content=\"es_ES\" \/>\n<meta property=\"og:type\" content=\"article\" \/>\n<meta property=\"og:title\" content=\"Paprika de la Vera dulce 75g (AOP) - Les Saveurs d&#039;Espagne\" \/>\n<meta property=\"og:description\" content=\"Paprika de la Vera dulce de la marca Vega C\u00e1ceres. Producto AOP.\" \/>\n<meta property=\"og:url\" content=\"https:\/\/www.lessaveursdespagne.com\/es\/producto\/paprika-de-la-vera-dulce-75g-aop\/\" \/>\n<meta property=\"og:site_name\" content=\"Les Saveurs d&#039;Espagne\" \/>\n<meta property=\"article:modified_time\" content=\"2026-03-09T12:00:55+00:00\" \/>\n<meta property=\"og:image\" content=\"https:\/\/www.lessaveursdespagne.com\/wp-content\/uploads\/2022\/09\/pimenton_vera_dulce.jpg\" \/>\n\t<meta property=\"og:image:width\" content=\"800\" \/>\n\t<meta property=\"og:image:height\" content=\"800\" \/>\n\t<meta property=\"og:image:type\" content=\"image\/jpeg\" \/>\n<meta name=\"twitter:card\" content=\"summary_large_image\" \/>\n<meta name=\"twitter:label1\" content=\"Tiempo de lectura\" \/>\n\t<meta name=\"twitter:data1\" content=\"1 minuto\" \/>\n<script type=\"application\/ld+json\" class=\"yoast-schema-graph\">{\"@context\":\"https:\\\/\\\/schema.org\",\"@graph\":[{\"@type\":\"WebPage\",\"@id\":\"https:\\\/\\\/www.lessaveursdespagne.com\\\/es\\\/producto\\\/paprika-de-la-vera-dulce-75g-aop\\\/\",\"url\":\"https:\\\/\\\/www.lessaveursdespagne.com\\\/es\\\/producto\\\/paprika-de-la-vera-dulce-75g-aop\\\/\",\"name\":\"Paprika de la Vera dulce 75g (AOP) - Les Saveurs d&#039;Espagne\",\"isPartOf\":{\"@id\":\"https:\\\/\\\/www.lessaveursdespagne.com\\\/es\\\/#website\"},\"primaryImageOfPage\":{\"@id\":\"https:\\\/\\\/www.lessaveursdespagne.com\\\/es\\\/producto\\\/paprika-de-la-vera-dulce-75g-aop\\\/#primaryimage\"},\"image\":{\"@id\":\"https:\\\/\\\/www.lessaveursdespagne.com\\\/es\\\/producto\\\/paprika-de-la-vera-dulce-75g-aop\\\/#primaryimage\"},\"thumbnailUrl\":\"https:\\\/\\\/www.lessaveursdespagne.com\\\/wp-content\\\/uploads\\\/2022\\\/09\\\/pimenton_vera_dulce.jpg\",\"datePublished\":\"2022-09-06T07:50:39+00:00\",\"dateModified\":\"2026-03-09T12:00:55+00:00\",\"description\":\"Paprika de la Vera dulce de la marca Vega C\u00e1ceres. Producto AOP.\",\"breadcrumb\":{\"@id\":\"https:\\\/\\\/www.lessaveursdespagne.com\\\/es\\\/producto\\\/paprika-de-la-vera-dulce-75g-aop\\\/#breadcrumb\"},\"inLanguage\":\"es\",\"potentialAction\":[{\"@type\":\"ReadAction\",\"target\":[\"https:\\\/\\\/www.lessaveursdespagne.com\\\/es\\\/producto\\\/paprika-de-la-vera-dulce-75g-aop\\\/\"]}]},{\"@type\":\"ImageObject\",\"inLanguage\":\"es\",\"@id\":\"https:\\\/\\\/www.lessaveursdespagne.com\\\/es\\\/producto\\\/paprika-de-la-vera-dulce-75g-aop\\\/#primaryimage\",\"url\":\"https:\\\/\\\/www.lessaveursdespagne.com\\\/wp-content\\\/uploads\\\/2022\\\/09\\\/pimenton_vera_dulce.jpg\",\"contentUrl\":\"https:\\\/\\\/www.lessaveursdespagne.com\\\/wp-content\\\/uploads\\\/2022\\\/09\\\/pimenton_vera_dulce.jpg\",\"width\":800,\"height\":800,\"caption\":\"Pimenton Vera Dulce Image\"},{\"@type\":\"BreadcrumbList\",\"@id\":\"https:\\\/\\\/www.lessaveursdespagne.com\\\/es\\\/producto\\\/paprika-de-la-vera-dulce-75g-aop\\\/#breadcrumb\",\"itemListElement\":[{\"@type\":\"ListItem\",\"position\":1,\"name\":\"Home\",\"item\":\"https:\\\/\\\/www.lessaveursdespagne.com\\\/es\\\/\"},{\"@type\":\"ListItem\",\"position\":2,\"name\":\"Tienda\",\"item\":\"https:\\\/\\\/www.lessaveursdespagne.com\\\/es\\\/tienda\\\/\"},{\"@type\":\"ListItem\",\"position\":3,\"name\":\"Paprika de la Vera dulce 75g (AOP)\"}]},{\"@type\":\"WebSite\",\"@id\":\"https:\\\/\\\/www.lessaveursdespagne.com\\\/es\\\/#website\",\"url\":\"https:\\\/\\\/www.lessaveursdespagne.com\\\/es\\\/\",\"name\":\"Les Saveurs d&#039;Espagne\",\"description\":\"Vente de produits espagnols locaux et artisanaux\",\"publisher\":{\"@id\":\"https:\\\/\\\/www.lessaveursdespagne.com\\\/es\\\/#organization\"},\"potentialAction\":[{\"@type\":\"SearchAction\",\"target\":{\"@type\":\"EntryPoint\",\"urlTemplate\":\"https:\\\/\\\/www.lessaveursdespagne.com\\\/es\\\/?s={search_term_string}\"},\"query-input\":{\"@type\":\"PropertyValueSpecification\",\"valueRequired\":true,\"valueName\":\"search_term_string\"}}],\"inLanguage\":\"es\"},{\"@type\":\"Organization\",\"@id\":\"https:\\\/\\\/www.lessaveursdespagne.com\\\/es\\\/#organization\",\"name\":\"Les Saveurs d&#039;Espagne\",\"url\":\"https:\\\/\\\/www.lessaveursdespagne.com\\\/es\\\/\",\"logo\":{\"@type\":\"ImageObject\",\"inLanguage\":\"es\",\"@id\":\"https:\\\/\\\/www.lessaveursdespagne.com\\\/es\\\/#\\\/schema\\\/logo\\\/image\\\/\",\"url\":\"https:\\\/\\\/www.lessaveursdespagne.com\\\/wp-content\\\/uploads\\\/2021\\\/10\\\/logo.png\",\"contentUrl\":\"https:\\\/\\\/www.lessaveursdespagne.com\\\/wp-content\\\/uploads\\\/2021\\\/10\\\/logo.png\",\"width\":300,\"height\":86,\"caption\":\"Les Saveurs d&#039;Espagne\"},\"image\":{\"@id\":\"https:\\\/\\\/www.lessaveursdespagne.com\\\/es\\\/#\\\/schema\\\/logo\\\/image\\\/\"}}]}<\/script>\n<!-- \/ Yoast SEO plugin. -->","yoast_head_json":{"title":"Paprika de la Vera dulce 75g (AOP) - Les Saveurs d&#039;Espagne","description":"Paprika de la Vera dulce de la marca Vega C\u00e1ceres. Producto AOP.","robots":{"index":"index","follow":"follow","max-snippet":"max-snippet:-1","max-image-preview":"max-image-preview:large","max-video-preview":"max-video-preview:-1"},"canonical":"https:\/\/www.lessaveursdespagne.com\/es\/producto\/paprika-de-la-vera-dulce-75g-aop\/","og_locale":"es_ES","og_type":"article","og_title":"Paprika de la Vera dulce 75g (AOP) - Les Saveurs d&#039;Espagne","og_description":"Paprika de la Vera dulce de la marca Vega C\u00e1ceres. Producto AOP.","og_url":"https:\/\/www.lessaveursdespagne.com\/es\/producto\/paprika-de-la-vera-dulce-75g-aop\/","og_site_name":"Les Saveurs d&#039;Espagne","article_modified_time":"2026-03-09T12:00:55+00:00","og_image":[{"width":800,"height":800,"url":"https:\/\/www.lessaveursdespagne.com\/wp-content\/uploads\/2022\/09\/pimenton_vera_dulce.jpg","type":"image\/jpeg"}],"twitter_card":"summary_large_image","twitter_misc":{"Tiempo de lectura":"1 minuto"},"schema":{"@context":"https:\/\/schema.org","@graph":[{"@type":"WebPage","@id":"https:\/\/www.lessaveursdespagne.com\/es\/producto\/paprika-de-la-vera-dulce-75g-aop\/","url":"https:\/\/www.lessaveursdespagne.com\/es\/producto\/paprika-de-la-vera-dulce-75g-aop\/","name":"Paprika de la Vera dulce 75g (AOP) - Les Saveurs d&#039;Espagne","isPartOf":{"@id":"https:\/\/www.lessaveursdespagne.com\/es\/#website"},"primaryImageOfPage":{"@id":"https:\/\/www.lessaveursdespagne.com\/es\/producto\/paprika-de-la-vera-dulce-75g-aop\/#primaryimage"},"image":{"@id":"https:\/\/www.lessaveursdespagne.com\/es\/producto\/paprika-de-la-vera-dulce-75g-aop\/#primaryimage"},"thumbnailUrl":"https:\/\/www.lessaveursdespagne.com\/wp-content\/uploads\/2022\/09\/pimenton_vera_dulce.jpg","datePublished":"2022-09-06T07:50:39+00:00","dateModified":"2026-03-09T12:00:55+00:00","description":"Paprika de la Vera dulce de la marca Vega C\u00e1ceres. Producto AOP.","breadcrumb":{"@id":"https:\/\/www.lessaveursdespagne.com\/es\/producto\/paprika-de-la-vera-dulce-75g-aop\/#breadcrumb"},"inLanguage":"es","potentialAction":[{"@type":"ReadAction","target":["https:\/\/www.lessaveursdespagne.com\/es\/producto\/paprika-de-la-vera-dulce-75g-aop\/"]}]},{"@type":"ImageObject","inLanguage":"es","@id":"https:\/\/www.lessaveursdespagne.com\/es\/producto\/paprika-de-la-vera-dulce-75g-aop\/#primaryimage","url":"https:\/\/www.lessaveursdespagne.com\/wp-content\/uploads\/2022\/09\/pimenton_vera_dulce.jpg","contentUrl":"https:\/\/www.lessaveursdespagne.com\/wp-content\/uploads\/2022\/09\/pimenton_vera_dulce.jpg","width":800,"height":800,"caption":"Pimenton Vera Dulce Image"},{"@type":"BreadcrumbList","@id":"https:\/\/www.lessaveursdespagne.com\/es\/producto\/paprika-de-la-vera-dulce-75g-aop\/#breadcrumb","itemListElement":[{"@type":"ListItem","position":1,"name":"Home","item":"https:\/\/www.lessaveursdespagne.com\/es\/"},{"@type":"ListItem","position":2,"name":"Tienda","item":"https:\/\/www.lessaveursdespagne.com\/es\/tienda\/"},{"@type":"ListItem","position":3,"name":"Paprika de la Vera dulce 75g (AOP)"}]},{"@type":"WebSite","@id":"https:\/\/www.lessaveursdespagne.com\/es\/#website","url":"https:\/\/www.lessaveursdespagne.com\/es\/","name":"Les Saveurs d&#039;Espagne","description":"Vente de produits espagnols locaux et artisanaux","publisher":{"@id":"https:\/\/www.lessaveursdespagne.com\/es\/#organization"},"potentialAction":[{"@type":"SearchAction","target":{"@type":"EntryPoint","urlTemplate":"https:\/\/www.lessaveursdespagne.com\/es\/?s={search_term_string}"},"query-input":{"@type":"PropertyValueSpecification","valueRequired":true,"valueName":"search_term_string"}}],"inLanguage":"es"},{"@type":"Organization","@id":"https:\/\/www.lessaveursdespagne.com\/es\/#organization","name":"Les Saveurs d&#039;Espagne","url":"https:\/\/www.lessaveursdespagne.com\/es\/","logo":{"@type":"ImageObject","inLanguage":"es","@id":"https:\/\/www.lessaveursdespagne.com\/es\/#\/schema\/logo\/image\/","url":"https:\/\/www.lessaveursdespagne.com\/wp-content\/uploads\/2021\/10\/logo.png","contentUrl":"https:\/\/www.lessaveursdespagne.com\/wp-content\/uploads\/2021\/10\/logo.png","width":300,"height":86,"caption":"Les Saveurs d&#039;Espagne"},"image":{"@id":"https:\/\/www.lessaveursdespagne.com\/es\/#\/schema\/logo\/image\/"}}]}},"_links":{"self":[{"href":"https:\/\/www.lessaveursdespagne.com\/es\/wp-json\/wp\/v2\/product\/13037","targetHints":{"allow":["GET"]}}],"collection":[{"href":"https:\/\/www.lessaveursdespagne.com\/es\/wp-json\/wp\/v2\/product"}],"about":[{"href":"https:\/\/www.lessaveursdespagne.com\/es\/wp-json\/wp\/v2\/types\/product"}],"replies":[{"embeddable":true,"href":"https:\/\/www.lessaveursdespagne.com\/es\/wp-json\/wp\/v2\/comments?post=13037"}],"wp:featuredmedia":[{"embeddable":true,"href":"https:\/\/www.lessaveursdespagne.com\/es\/wp-json\/wp\/v2\/media\/12643"}],"wp:attachment":[{"href":"https:\/\/www.lessaveursdespagne.com\/es\/wp-json\/wp\/v2\/media?parent=13037"}],"wp:term":[{"taxonomy":"product_cat","embeddable":true,"href":"https:\/\/www.lessaveursdespagne.com\/es\/wp-json\/wp\/v2\/product_cat?post=13037"},{"taxonomy":"product_tag","embeddable":true,"href":"https:\/\/www.lessaveursdespagne.com\/es\/wp-json\/wp\/v2\/product_tag?post=13037"}],"curies":[{"name":"wp","href":"https:\/\/api.w.org\/{rel}","templated":true}]}}