{"id":13051,"date":"2022-08-03T16:50:44","date_gmt":"2022-08-03T14:50:44","guid":{"rendered":"https:\/\/www.lessaveursdespagne.com\/produit\/miel-de-azahar-1kg\/"},"modified":"2022-08-03T16:50:44","modified_gmt":"2022-08-03T14:50:44","slug":"miel-de-azahar-1kg","status":"publish","type":"product","link":"https:\/\/www.lessaveursdespagne.com\/es\/producto\/miel-de-azahar-1kg\/","title":{"rendered":"Miel de azahar 1KG"},"content":{"rendered":"<p>La miel de azahar es una de las mieles que se recogen en primavera. Es el momento en que los \u00e1rboles florecen, la flor del naranjo tiene una vida corta, cerca de un mes en el \u00e1rbol. El momento justo para que las abejas vengan a buscar el n\u00e9ctar de esta flor muy arom\u00e1tica. Y as\u00ed poder ofrecer al consumidor una miel de azahar rica en propiedades y beneficios, con un sabor \u00fanico.<\/p>\n<p>Esta miel es de color \u00e1mbar claro con tonos amarillentos, muy arom\u00e1tico como la propia flor de naranja. Sabor dulce, persistente, floral y caracter\u00edstico, con una acidez sutil, y con una cristalizaci\u00f3n lenta y fina.<\/p>\n<p>&nbsp;<\/p>\n","protected":false},"excerpt":{"rendered":"<p>La miel de azahar es una de las mieles que se recogen en primavera. Es el momento en que los \u00e1rboles florecen, la flor del naranjo tiene una vida corta, cerca de un mes en el \u00e1rbol. El momento justo para que las abejas vengan a buscar el n\u00e9ctar de esta flor muy arom\u00e1tica. Y [&hellip;]<\/p>\n","protected":false},"featured_media":12412,"comment_status":"open","ping_status":"closed","template":"","meta":{"inline_featured_image":false},"product_cat":[77],"product_tag":[],"class_list":{"0":"post-13051","1":"product","2":"type-product","3":"status-publish","4":"has-post-thumbnail","6":"product_cat-miel-es","8":"first","9":"instock","10":"taxable","11":"shipping-taxable","12":"purchasable","13":"product-type-simple"},"yoast_head":"<!-- This site is optimized with the Yoast SEO plugin v27.5 - https:\/\/yoast.com\/product\/yoast-seo-wordpress\/ -->\n<title>Miel de azahar 1KG<\/title>\n<meta name=\"description\" content=\"La miel de azahar es una de las mieles que se cosechan en primavera, es el momento en que los \u00e1rboles florecen, la flor de naranjo tiene un corto...\" \/>\n<meta name=\"robots\" content=\"index, follow, max-snippet:-1, max-image-preview:large, max-video-preview:-1\" \/>\n<link rel=\"canonical\" href=\"https:\/\/www.lessaveursdespagne.com\/es\/producto\/miel-de-azahar-1kg\/\" \/>\n<meta property=\"og:locale\" content=\"es_ES\" \/>\n<meta property=\"og:type\" content=\"article\" \/>\n<meta property=\"og:title\" content=\"Miel de azahar 1KG\" \/>\n<meta property=\"og:description\" content=\"La miel de azahar es una de las mieles que se cosechan en primavera, es el momento en que los \u00e1rboles florecen, la flor de naranjo tiene un corto...\" \/>\n<meta property=\"og:url\" content=\"https:\/\/www.lessaveursdespagne.com\/es\/producto\/miel-de-azahar-1kg\/\" \/>\n<meta property=\"og:site_name\" content=\"Les Saveurs d&#039;Espagne\" \/>\n<meta property=\"og:image\" content=\"https:\/\/www.lessaveursdespagne.com\/wp-content\/uploads\/2022\/08\/miel-de-fleur-d-oranger-1kg.jpg\" \/>\n\t<meta property=\"og:image:width\" content=\"900\" \/>\n\t<meta property=\"og:image:height\" content=\"900\" \/>\n\t<meta property=\"og:image:type\" content=\"image\/jpeg\" \/>\n<meta name=\"twitter:card\" content=\"summary_large_image\" \/>\n<meta name=\"twitter:label1\" content=\"Tiempo de lectura\" \/>\n\t<meta name=\"twitter:data1\" content=\"1 minuto\" \/>\n<script type=\"application\/ld+json\" class=\"yoast-schema-graph\">{\"@context\":\"https:\\\/\\\/schema.org\",\"@graph\":[{\"@type\":\"WebPage\",\"@id\":\"https:\\\/\\\/www.lessaveursdespagne.com\\\/es\\\/producto\\\/miel-de-azahar-1kg\\\/\",\"url\":\"https:\\\/\\\/www.lessaveursdespagne.com\\\/es\\\/producto\\\/miel-de-azahar-1kg\\\/\",\"name\":\"Miel de azahar 1KG\",\"isPartOf\":{\"@id\":\"https:\\\/\\\/www.lessaveursdespagne.com\\\/es\\\/#website\"},\"primaryImageOfPage\":{\"@id\":\"https:\\\/\\\/www.lessaveursdespagne.com\\\/es\\\/producto\\\/miel-de-azahar-1kg\\\/#primaryimage\"},\"image\":{\"@id\":\"https:\\\/\\\/www.lessaveursdespagne.com\\\/es\\\/producto\\\/miel-de-azahar-1kg\\\/#primaryimage\"},\"thumbnailUrl\":\"https:\\\/\\\/www.lessaveursdespagne.com\\\/wp-content\\\/uploads\\\/2022\\\/08\\\/miel-de-fleur-d-oranger-1kg.jpg\",\"datePublished\":\"2022-08-03T14:50:44+00:00\",\"description\":\"La miel de azahar es una de las mieles que se cosechan en primavera, es el momento en que los \u00e1rboles florecen, la flor de naranjo tiene un corto...\",\"breadcrumb\":{\"@id\":\"https:\\\/\\\/www.lessaveursdespagne.com\\\/es\\\/producto\\\/miel-de-azahar-1kg\\\/#breadcrumb\"},\"inLanguage\":\"es\",\"potentialAction\":[{\"@type\":\"ReadAction\",\"target\":[\"https:\\\/\\\/www.lessaveursdespagne.com\\\/es\\\/producto\\\/miel-de-azahar-1kg\\\/\"]}]},{\"@type\":\"ImageObject\",\"inLanguage\":\"es\",\"@id\":\"https:\\\/\\\/www.lessaveursdespagne.com\\\/es\\\/producto\\\/miel-de-azahar-1kg\\\/#primaryimage\",\"url\":\"https:\\\/\\\/www.lessaveursdespagne.com\\\/wp-content\\\/uploads\\\/2022\\\/08\\\/miel-de-fleur-d-oranger-1kg.jpg\",\"contentUrl\":\"https:\\\/\\\/www.lessaveursdespagne.com\\\/wp-content\\\/uploads\\\/2022\\\/08\\\/miel-de-fleur-d-oranger-1kg.jpg\",\"width\":900,\"height\":900,\"caption\":\"Miel de azahar 1KG Image\"},{\"@type\":\"BreadcrumbList\",\"@id\":\"https:\\\/\\\/www.lessaveursdespagne.com\\\/es\\\/producto\\\/miel-de-azahar-1kg\\\/#breadcrumb\",\"itemListElement\":[{\"@type\":\"ListItem\",\"position\":1,\"name\":\"Home\",\"item\":\"https:\\\/\\\/www.lessaveursdespagne.com\\\/es\\\/\"},{\"@type\":\"ListItem\",\"position\":2,\"name\":\"Tienda\",\"item\":\"https:\\\/\\\/www.lessaveursdespagne.com\\\/es\\\/tienda\\\/\"},{\"@type\":\"ListItem\",\"position\":3,\"name\":\"Miel de azahar 1KG\"}]},{\"@type\":\"WebSite\",\"@id\":\"https:\\\/\\\/www.lessaveursdespagne.com\\\/es\\\/#website\",\"url\":\"https:\\\/\\\/www.lessaveursdespagne.com\\\/es\\\/\",\"name\":\"Les Saveurs d&#039;Espagne\",\"description\":\"Vente de produits espagnols locaux et artisanaux\",\"publisher\":{\"@id\":\"https:\\\/\\\/www.lessaveursdespagne.com\\\/es\\\/#organization\"},\"potentialAction\":[{\"@type\":\"SearchAction\",\"target\":{\"@type\":\"EntryPoint\",\"urlTemplate\":\"https:\\\/\\\/www.lessaveursdespagne.com\\\/es\\\/?s={search_term_string}\"},\"query-input\":{\"@type\":\"PropertyValueSpecification\",\"valueRequired\":true,\"valueName\":\"search_term_string\"}}],\"inLanguage\":\"es\"},{\"@type\":\"Organization\",\"@id\":\"https:\\\/\\\/www.lessaveursdespagne.com\\\/es\\\/#organization\",\"name\":\"Les Saveurs d&#039;Espagne\",\"url\":\"https:\\\/\\\/www.lessaveursdespagne.com\\\/es\\\/\",\"logo\":{\"@type\":\"ImageObject\",\"inLanguage\":\"es\",\"@id\":\"https:\\\/\\\/www.lessaveursdespagne.com\\\/es\\\/#\\\/schema\\\/logo\\\/image\\\/\",\"url\":\"https:\\\/\\\/www.lessaveursdespagne.com\\\/wp-content\\\/uploads\\\/2021\\\/10\\\/logo.png\",\"contentUrl\":\"https:\\\/\\\/www.lessaveursdespagne.com\\\/wp-content\\\/uploads\\\/2021\\\/10\\\/logo.png\",\"width\":300,\"height\":86,\"caption\":\"Les Saveurs d&#039;Espagne\"},\"image\":{\"@id\":\"https:\\\/\\\/www.lessaveursdespagne.com\\\/es\\\/#\\\/schema\\\/logo\\\/image\\\/\"}}]}<\/script>\n<!-- \/ Yoast SEO plugin. -->","yoast_head_json":{"title":"Miel de azahar 1KG","description":"La miel de azahar es una de las mieles que se cosechan en primavera, es el momento en que los \u00e1rboles florecen, la flor de naranjo tiene un corto...","robots":{"index":"index","follow":"follow","max-snippet":"max-snippet:-1","max-image-preview":"max-image-preview:large","max-video-preview":"max-video-preview:-1"},"canonical":"https:\/\/www.lessaveursdespagne.com\/es\/producto\/miel-de-azahar-1kg\/","og_locale":"es_ES","og_type":"article","og_title":"Miel de azahar 1KG","og_description":"La miel de azahar es una de las mieles que se cosechan en primavera, es el momento en que los \u00e1rboles florecen, la flor de naranjo tiene un corto...","og_url":"https:\/\/www.lessaveursdespagne.com\/es\/producto\/miel-de-azahar-1kg\/","og_site_name":"Les Saveurs d&#039;Espagne","og_image":[{"width":900,"height":900,"url":"https:\/\/www.lessaveursdespagne.com\/wp-content\/uploads\/2022\/08\/miel-de-fleur-d-oranger-1kg.jpg","type":"image\/jpeg"}],"twitter_card":"summary_large_image","twitter_misc":{"Tiempo de lectura":"1 minuto"},"schema":{"@context":"https:\/\/schema.org","@graph":[{"@type":"WebPage","@id":"https:\/\/www.lessaveursdespagne.com\/es\/producto\/miel-de-azahar-1kg\/","url":"https:\/\/www.lessaveursdespagne.com\/es\/producto\/miel-de-azahar-1kg\/","name":"Miel de azahar 1KG","isPartOf":{"@id":"https:\/\/www.lessaveursdespagne.com\/es\/#website"},"primaryImageOfPage":{"@id":"https:\/\/www.lessaveursdespagne.com\/es\/producto\/miel-de-azahar-1kg\/#primaryimage"},"image":{"@id":"https:\/\/www.lessaveursdespagne.com\/es\/producto\/miel-de-azahar-1kg\/#primaryimage"},"thumbnailUrl":"https:\/\/www.lessaveursdespagne.com\/wp-content\/uploads\/2022\/08\/miel-de-fleur-d-oranger-1kg.jpg","datePublished":"2022-08-03T14:50:44+00:00","description":"La miel de azahar es una de las mieles que se cosechan en primavera, es el momento en que los \u00e1rboles florecen, la flor de naranjo tiene un corto...","breadcrumb":{"@id":"https:\/\/www.lessaveursdespagne.com\/es\/producto\/miel-de-azahar-1kg\/#breadcrumb"},"inLanguage":"es","potentialAction":[{"@type":"ReadAction","target":["https:\/\/www.lessaveursdespagne.com\/es\/producto\/miel-de-azahar-1kg\/"]}]},{"@type":"ImageObject","inLanguage":"es","@id":"https:\/\/www.lessaveursdespagne.com\/es\/producto\/miel-de-azahar-1kg\/#primaryimage","url":"https:\/\/www.lessaveursdespagne.com\/wp-content\/uploads\/2022\/08\/miel-de-fleur-d-oranger-1kg.jpg","contentUrl":"https:\/\/www.lessaveursdespagne.com\/wp-content\/uploads\/2022\/08\/miel-de-fleur-d-oranger-1kg.jpg","width":900,"height":900,"caption":"Miel de azahar 1KG Image"},{"@type":"BreadcrumbList","@id":"https:\/\/www.lessaveursdespagne.com\/es\/producto\/miel-de-azahar-1kg\/#breadcrumb","itemListElement":[{"@type":"ListItem","position":1,"name":"Home","item":"https:\/\/www.lessaveursdespagne.com\/es\/"},{"@type":"ListItem","position":2,"name":"Tienda","item":"https:\/\/www.lessaveursdespagne.com\/es\/tienda\/"},{"@type":"ListItem","position":3,"name":"Miel de azahar 1KG"}]},{"@type":"WebSite","@id":"https:\/\/www.lessaveursdespagne.com\/es\/#website","url":"https:\/\/www.lessaveursdespagne.com\/es\/","name":"Les Saveurs d&#039;Espagne","description":"Vente de produits espagnols locaux et artisanaux","publisher":{"@id":"https:\/\/www.lessaveursdespagne.com\/es\/#organization"},"potentialAction":[{"@type":"SearchAction","target":{"@type":"EntryPoint","urlTemplate":"https:\/\/www.lessaveursdespagne.com\/es\/?s={search_term_string}"},"query-input":{"@type":"PropertyValueSpecification","valueRequired":true,"valueName":"search_term_string"}}],"inLanguage":"es"},{"@type":"Organization","@id":"https:\/\/www.lessaveursdespagne.com\/es\/#organization","name":"Les Saveurs d&#039;Espagne","url":"https:\/\/www.lessaveursdespagne.com\/es\/","logo":{"@type":"ImageObject","inLanguage":"es","@id":"https:\/\/www.lessaveursdespagne.com\/es\/#\/schema\/logo\/image\/","url":"https:\/\/www.lessaveursdespagne.com\/wp-content\/uploads\/2021\/10\/logo.png","contentUrl":"https:\/\/www.lessaveursdespagne.com\/wp-content\/uploads\/2021\/10\/logo.png","width":300,"height":86,"caption":"Les Saveurs d&#039;Espagne"},"image":{"@id":"https:\/\/www.lessaveursdespagne.com\/es\/#\/schema\/logo\/image\/"}}]}},"_links":{"self":[{"href":"https:\/\/www.lessaveursdespagne.com\/es\/wp-json\/wp\/v2\/product\/13051","targetHints":{"allow":["GET"]}}],"collection":[{"href":"https:\/\/www.lessaveursdespagne.com\/es\/wp-json\/wp\/v2\/product"}],"about":[{"href":"https:\/\/www.lessaveursdespagne.com\/es\/wp-json\/wp\/v2\/types\/product"}],"replies":[{"embeddable":true,"href":"https:\/\/www.lessaveursdespagne.com\/es\/wp-json\/wp\/v2\/comments?post=13051"}],"wp:featuredmedia":[{"embeddable":true,"href":"https:\/\/www.lessaveursdespagne.com\/es\/wp-json\/wp\/v2\/media\/12412"}],"wp:attachment":[{"href":"https:\/\/www.lessaveursdespagne.com\/es\/wp-json\/wp\/v2\/media?parent=13051"}],"wp:term":[{"taxonomy":"product_cat","embeddable":true,"href":"https:\/\/www.lessaveursdespagne.com\/es\/wp-json\/wp\/v2\/product_cat?post=13051"},{"taxonomy":"product_tag","embeddable":true,"href":"https:\/\/www.lessaveursdespagne.com\/es\/wp-json\/wp\/v2\/product_tag?post=13051"}],"curies":[{"name":"wp","href":"https:\/\/api.w.org\/{rel}","templated":true}]}}