{"id":13131,"date":"2022-10-28T11:41:36","date_gmt":"2022-10-28T09:41:36","guid":{"rendered":"https:\/\/www.lessaveursdespagne.com\/produit\/botella-de-vino-blanco-seco-vina-placido\/"},"modified":"2022-10-28T11:41:36","modified_gmt":"2022-10-28T09:41:36","slug":"botella-de-vino-blanco-seco-vina-placido","status":"publish","type":"product","link":"https:\/\/www.lessaveursdespagne.com\/es\/producto\/botella-de-vino-blanco-seco-vina-placido\/","title":{"rendered":"Botella de vino blanco seco Vi\u00f1a Placido"},"content":{"rendered":"<p>Vino blanco seco Vi\u00f1a Pl\u00e1cido producido y embotellado en Prado del Rey.<\/p>\n<p>Muchos factores condicionan las caracter\u00edsticas organol\u00e9pticas de este producto muy especial, pero, fundamentalmente, un vino seco es un vino cuya concentraci\u00f3n de az\u00facar var\u00eda entre uno y tres gramos por litro.<\/p>\n<p>En otras palabras, es una bebida cuyo az\u00facar se ha transformado en alcohol durante el proceso de fermentaci\u00f3n y, como tal, presenta un grado alcoh\u00f3lico y una acidez m\u00e1s elevados.<\/p>\n<p>Botella de 75cl.<\/p>\n","protected":false},"excerpt":{"rendered":"<p>Vino blanco seco Vi\u00f1a Pl\u00e1cido producido y embotellado en Prado del Rey. Muchos factores condicionan las caracter\u00edsticas organol\u00e9pticas de este producto muy especial, pero, fundamentalmente, un vino seco es un vino cuya concentraci\u00f3n de az\u00facar var\u00eda entre uno y tres gramos por litro. En otras palabras, es una bebida cuyo az\u00facar se ha transformado en [&hellip;]<\/p>\n","protected":false},"featured_media":12766,"comment_status":"open","ping_status":"closed","template":"","meta":{"inline_featured_image":false},"product_cat":[85],"product_tag":[],"class_list":{"0":"post-13131","1":"product","2":"type-product","3":"status-publish","4":"has-post-thumbnail","6":"product_cat-vinos-y-vinagre","8":"first","9":"instock","10":"taxable","11":"shipping-taxable","12":"purchasable","13":"product-type-simple"},"yoast_head":"<!-- This site is optimized with the Yoast SEO plugin v27.5 - https:\/\/yoast.com\/product\/yoast-seo-wordpress\/ -->\n<title>Botella de vino blanco seco Vi\u00f1a Placido - Les Saveurs d&#039;Espagne<\/title>\n<meta name=\"description\" content=\"Botella de vino blanco seco Vi\u00f1a Placido\" \/>\n<meta name=\"robots\" content=\"index, follow, max-snippet:-1, max-image-preview:large, max-video-preview:-1\" \/>\n<link rel=\"canonical\" href=\"https:\/\/www.lessaveursdespagne.com\/es\/producto\/botella-de-vino-blanco-seco-vina-placido\/\" \/>\n<meta property=\"og:locale\" content=\"es_ES\" \/>\n<meta property=\"og:type\" content=\"article\" \/>\n<meta property=\"og:title\" content=\"Botella de vino blanco seco Vi\u00f1a Placido - Les Saveurs d&#039;Espagne\" \/>\n<meta property=\"og:description\" content=\"Botella de vino blanco seco Vi\u00f1a Placido\" \/>\n<meta property=\"og:url\" content=\"https:\/\/www.lessaveursdespagne.com\/es\/producto\/botella-de-vino-blanco-seco-vina-placido\/\" \/>\n<meta property=\"og:site_name\" content=\"Les Saveurs d&#039;Espagne\" \/>\n<meta property=\"og:image\" content=\"https:\/\/www.lessaveursdespagne.com\/wp-content\/uploads\/2022\/10\/blanc-sec-vin-bodegaholgado-1.png\" \/>\n\t<meta property=\"og:image:width\" content=\"500\" \/>\n\t<meta property=\"og:image:height\" content=\"500\" \/>\n\t<meta property=\"og:image:type\" content=\"image\/png\" \/>\n<meta name=\"twitter:card\" content=\"summary_large_image\" \/>\n<script type=\"application\/ld+json\" class=\"yoast-schema-graph\">{\"@context\":\"https:\\\/\\\/schema.org\",\"@graph\":[{\"@type\":\"WebPage\",\"@id\":\"https:\\\/\\\/www.lessaveursdespagne.com\\\/es\\\/producto\\\/botella-de-vino-blanco-seco-vina-placido\\\/\",\"url\":\"https:\\\/\\\/www.lessaveursdespagne.com\\\/es\\\/producto\\\/botella-de-vino-blanco-seco-vina-placido\\\/\",\"name\":\"Botella de vino blanco seco Vi\u00f1a Placido - Les Saveurs d&#039;Espagne\",\"isPartOf\":{\"@id\":\"https:\\\/\\\/www.lessaveursdespagne.com\\\/es\\\/#website\"},\"primaryImageOfPage\":{\"@id\":\"https:\\\/\\\/www.lessaveursdespagne.com\\\/es\\\/producto\\\/botella-de-vino-blanco-seco-vina-placido\\\/#primaryimage\"},\"image\":{\"@id\":\"https:\\\/\\\/www.lessaveursdespagne.com\\\/es\\\/producto\\\/botella-de-vino-blanco-seco-vina-placido\\\/#primaryimage\"},\"thumbnailUrl\":\"https:\\\/\\\/www.lessaveursdespagne.com\\\/wp-content\\\/uploads\\\/2022\\\/10\\\/blanc-sec-vin-bodegaholgado-1.png\",\"datePublished\":\"2022-10-28T09:41:36+00:00\",\"description\":\"Botella de vino blanco seco Vi\u00f1a Placido\",\"breadcrumb\":{\"@id\":\"https:\\\/\\\/www.lessaveursdespagne.com\\\/es\\\/producto\\\/botella-de-vino-blanco-seco-vina-placido\\\/#breadcrumb\"},\"inLanguage\":\"es\",\"potentialAction\":[{\"@type\":\"ReadAction\",\"target\":[\"https:\\\/\\\/www.lessaveursdespagne.com\\\/es\\\/producto\\\/botella-de-vino-blanco-seco-vina-placido\\\/\"]}]},{\"@type\":\"ImageObject\",\"inLanguage\":\"es\",\"@id\":\"https:\\\/\\\/www.lessaveursdespagne.com\\\/es\\\/producto\\\/botella-de-vino-blanco-seco-vina-placido\\\/#primaryimage\",\"url\":\"https:\\\/\\\/www.lessaveursdespagne.com\\\/wp-content\\\/uploads\\\/2022\\\/10\\\/blanc-sec-vin-bodegaholgado-1.png\",\"contentUrl\":\"https:\\\/\\\/www.lessaveursdespagne.com\\\/wp-content\\\/uploads\\\/2022\\\/10\\\/blanc-sec-vin-bodegaholgado-1.png\",\"width\":500,\"height\":500,\"caption\":\"Blanco Seco Vino Bodegaholgado Image\"},{\"@type\":\"BreadcrumbList\",\"@id\":\"https:\\\/\\\/www.lessaveursdespagne.com\\\/es\\\/producto\\\/botella-de-vino-blanco-seco-vina-placido\\\/#breadcrumb\",\"itemListElement\":[{\"@type\":\"ListItem\",\"position\":1,\"name\":\"Home\",\"item\":\"https:\\\/\\\/www.lessaveursdespagne.com\\\/es\\\/\"},{\"@type\":\"ListItem\",\"position\":2,\"name\":\"Tienda\",\"item\":\"https:\\\/\\\/www.lessaveursdespagne.com\\\/es\\\/tienda\\\/\"},{\"@type\":\"ListItem\",\"position\":3,\"name\":\"Botella de vino blanco seco Vi\u00f1a Placido\"}]},{\"@type\":\"WebSite\",\"@id\":\"https:\\\/\\\/www.lessaveursdespagne.com\\\/es\\\/#website\",\"url\":\"https:\\\/\\\/www.lessaveursdespagne.com\\\/es\\\/\",\"name\":\"Les Saveurs d&#039;Espagne\",\"description\":\"Vente de produits espagnols locaux et artisanaux\",\"publisher\":{\"@id\":\"https:\\\/\\\/www.lessaveursdespagne.com\\\/es\\\/#organization\"},\"potentialAction\":[{\"@type\":\"SearchAction\",\"target\":{\"@type\":\"EntryPoint\",\"urlTemplate\":\"https:\\\/\\\/www.lessaveursdespagne.com\\\/es\\\/?s={search_term_string}\"},\"query-input\":{\"@type\":\"PropertyValueSpecification\",\"valueRequired\":true,\"valueName\":\"search_term_string\"}}],\"inLanguage\":\"es\"},{\"@type\":\"Organization\",\"@id\":\"https:\\\/\\\/www.lessaveursdespagne.com\\\/es\\\/#organization\",\"name\":\"Les Saveurs d&#039;Espagne\",\"url\":\"https:\\\/\\\/www.lessaveursdespagne.com\\\/es\\\/\",\"logo\":{\"@type\":\"ImageObject\",\"inLanguage\":\"es\",\"@id\":\"https:\\\/\\\/www.lessaveursdespagne.com\\\/es\\\/#\\\/schema\\\/logo\\\/image\\\/\",\"url\":\"https:\\\/\\\/www.lessaveursdespagne.com\\\/wp-content\\\/uploads\\\/2021\\\/10\\\/logo.png\",\"contentUrl\":\"https:\\\/\\\/www.lessaveursdespagne.com\\\/wp-content\\\/uploads\\\/2021\\\/10\\\/logo.png\",\"width\":300,\"height\":86,\"caption\":\"Les Saveurs d&#039;Espagne\"},\"image\":{\"@id\":\"https:\\\/\\\/www.lessaveursdespagne.com\\\/es\\\/#\\\/schema\\\/logo\\\/image\\\/\"}}]}<\/script>\n<!-- \/ Yoast SEO plugin. -->","yoast_head_json":{"title":"Botella de vino blanco seco Vi\u00f1a Placido - Les Saveurs d&#039;Espagne","description":"Botella de vino blanco seco Vi\u00f1a Placido","robots":{"index":"index","follow":"follow","max-snippet":"max-snippet:-1","max-image-preview":"max-image-preview:large","max-video-preview":"max-video-preview:-1"},"canonical":"https:\/\/www.lessaveursdespagne.com\/es\/producto\/botella-de-vino-blanco-seco-vina-placido\/","og_locale":"es_ES","og_type":"article","og_title":"Botella de vino blanco seco Vi\u00f1a Placido - Les Saveurs d&#039;Espagne","og_description":"Botella de vino blanco seco Vi\u00f1a Placido","og_url":"https:\/\/www.lessaveursdespagne.com\/es\/producto\/botella-de-vino-blanco-seco-vina-placido\/","og_site_name":"Les Saveurs d&#039;Espagne","og_image":[{"width":500,"height":500,"url":"https:\/\/www.lessaveursdespagne.com\/wp-content\/uploads\/2022\/10\/blanc-sec-vin-bodegaholgado-1.png","type":"image\/png"}],"twitter_card":"summary_large_image","schema":{"@context":"https:\/\/schema.org","@graph":[{"@type":"WebPage","@id":"https:\/\/www.lessaveursdespagne.com\/es\/producto\/botella-de-vino-blanco-seco-vina-placido\/","url":"https:\/\/www.lessaveursdespagne.com\/es\/producto\/botella-de-vino-blanco-seco-vina-placido\/","name":"Botella de vino blanco seco Vi\u00f1a Placido - Les Saveurs d&#039;Espagne","isPartOf":{"@id":"https:\/\/www.lessaveursdespagne.com\/es\/#website"},"primaryImageOfPage":{"@id":"https:\/\/www.lessaveursdespagne.com\/es\/producto\/botella-de-vino-blanco-seco-vina-placido\/#primaryimage"},"image":{"@id":"https:\/\/www.lessaveursdespagne.com\/es\/producto\/botella-de-vino-blanco-seco-vina-placido\/#primaryimage"},"thumbnailUrl":"https:\/\/www.lessaveursdespagne.com\/wp-content\/uploads\/2022\/10\/blanc-sec-vin-bodegaholgado-1.png","datePublished":"2022-10-28T09:41:36+00:00","description":"Botella de vino blanco seco Vi\u00f1a Placido","breadcrumb":{"@id":"https:\/\/www.lessaveursdespagne.com\/es\/producto\/botella-de-vino-blanco-seco-vina-placido\/#breadcrumb"},"inLanguage":"es","potentialAction":[{"@type":"ReadAction","target":["https:\/\/www.lessaveursdespagne.com\/es\/producto\/botella-de-vino-blanco-seco-vina-placido\/"]}]},{"@type":"ImageObject","inLanguage":"es","@id":"https:\/\/www.lessaveursdespagne.com\/es\/producto\/botella-de-vino-blanco-seco-vina-placido\/#primaryimage","url":"https:\/\/www.lessaveursdespagne.com\/wp-content\/uploads\/2022\/10\/blanc-sec-vin-bodegaholgado-1.png","contentUrl":"https:\/\/www.lessaveursdespagne.com\/wp-content\/uploads\/2022\/10\/blanc-sec-vin-bodegaholgado-1.png","width":500,"height":500,"caption":"Blanco Seco Vino Bodegaholgado Image"},{"@type":"BreadcrumbList","@id":"https:\/\/www.lessaveursdespagne.com\/es\/producto\/botella-de-vino-blanco-seco-vina-placido\/#breadcrumb","itemListElement":[{"@type":"ListItem","position":1,"name":"Home","item":"https:\/\/www.lessaveursdespagne.com\/es\/"},{"@type":"ListItem","position":2,"name":"Tienda","item":"https:\/\/www.lessaveursdespagne.com\/es\/tienda\/"},{"@type":"ListItem","position":3,"name":"Botella de vino blanco seco Vi\u00f1a Placido"}]},{"@type":"WebSite","@id":"https:\/\/www.lessaveursdespagne.com\/es\/#website","url":"https:\/\/www.lessaveursdespagne.com\/es\/","name":"Les Saveurs d&#039;Espagne","description":"Vente de produits espagnols locaux et artisanaux","publisher":{"@id":"https:\/\/www.lessaveursdespagne.com\/es\/#organization"},"potentialAction":[{"@type":"SearchAction","target":{"@type":"EntryPoint","urlTemplate":"https:\/\/www.lessaveursdespagne.com\/es\/?s={search_term_string}"},"query-input":{"@type":"PropertyValueSpecification","valueRequired":true,"valueName":"search_term_string"}}],"inLanguage":"es"},{"@type":"Organization","@id":"https:\/\/www.lessaveursdespagne.com\/es\/#organization","name":"Les Saveurs d&#039;Espagne","url":"https:\/\/www.lessaveursdespagne.com\/es\/","logo":{"@type":"ImageObject","inLanguage":"es","@id":"https:\/\/www.lessaveursdespagne.com\/es\/#\/schema\/logo\/image\/","url":"https:\/\/www.lessaveursdespagne.com\/wp-content\/uploads\/2021\/10\/logo.png","contentUrl":"https:\/\/www.lessaveursdespagne.com\/wp-content\/uploads\/2021\/10\/logo.png","width":300,"height":86,"caption":"Les Saveurs d&#039;Espagne"},"image":{"@id":"https:\/\/www.lessaveursdespagne.com\/es\/#\/schema\/logo\/image\/"}}]}},"_links":{"self":[{"href":"https:\/\/www.lessaveursdespagne.com\/es\/wp-json\/wp\/v2\/product\/13131","targetHints":{"allow":["GET"]}}],"collection":[{"href":"https:\/\/www.lessaveursdespagne.com\/es\/wp-json\/wp\/v2\/product"}],"about":[{"href":"https:\/\/www.lessaveursdespagne.com\/es\/wp-json\/wp\/v2\/types\/product"}],"replies":[{"embeddable":true,"href":"https:\/\/www.lessaveursdespagne.com\/es\/wp-json\/wp\/v2\/comments?post=13131"}],"wp:featuredmedia":[{"embeddable":true,"href":"https:\/\/www.lessaveursdespagne.com\/es\/wp-json\/wp\/v2\/media\/12766"}],"wp:attachment":[{"href":"https:\/\/www.lessaveursdespagne.com\/es\/wp-json\/wp\/v2\/media?parent=13131"}],"wp:term":[{"taxonomy":"product_cat","embeddable":true,"href":"https:\/\/www.lessaveursdespagne.com\/es\/wp-json\/wp\/v2\/product_cat?post=13131"},{"taxonomy":"product_tag","embeddable":true,"href":"https:\/\/www.lessaveursdespagne.com\/es\/wp-json\/wp\/v2\/product_tag?post=13131"}],"curies":[{"name":"wp","href":"https:\/\/api.w.org\/{rel}","templated":true}]}}