{"id":13218,"date":"2022-08-03T15:33:09","date_gmt":"2022-08-03T13:33:09","guid":{"rendered":"https:\/\/www.lessaveursdespagne.com\/produit\/botella-de-vino-de-naranja-1l\/"},"modified":"2022-08-03T15:33:09","modified_gmt":"2022-08-03T13:33:09","slug":"botella-de-vino-de-naranja-1l","status":"publish","type":"product","link":"https:\/\/www.lessaveursdespagne.com\/es\/producto\/botella-de-vino-de-naranja-1l\/","title":{"rendered":"Botella de vino de naranja 1L"},"content":{"rendered":"<p>El vino de naranja es un vino aromatizado. Tiene similitudes con Vermut. La principal diferencia es en la maceraci\u00f3n de la piel de naranja que no se hace con el vino.<\/p>\n<p>Este vino debe pasar m\u00e1s de 2 a\u00f1os de envejecimiento.<\/p>\n<p>La base de este vino de naranja es por lo tanto dulce de forma natural.<\/p>\n<p>Vino ideal para aperitivo o postre. Se est\u00e1 bebiendo fresco.<\/p>\n","protected":false},"excerpt":{"rendered":"<p>El vino de naranja es un vino aromatizado. Tiene similitudes con Vermut. La principal diferencia es en la maceraci\u00f3n de la piel de naranja que no se hace con el vino. Este vino debe pasar m\u00e1s de 2 a\u00f1os de envejecimiento. La base de este vino de naranja es por lo tanto dulce de forma [&hellip;]<\/p>\n","protected":false},"featured_media":12388,"comment_status":"open","ping_status":"closed","template":"","meta":{"inline_featured_image":false},"product_cat":[85],"product_tag":[],"class_list":{"0":"post-13218","1":"product","2":"type-product","3":"status-publish","4":"has-post-thumbnail","6":"product_cat-vinos-y-vinagre","8":"first","9":"instock","10":"taxable","11":"shipping-taxable","12":"purchasable","13":"product-type-simple"},"yoast_head":"<!-- This site is optimized with the Yoast SEO plugin v27.5 - https:\/\/yoast.com\/product\/yoast-seo-wordpress\/ -->\n<title>Botella de vino de naranja 1L<\/title>\n<meta name=\"description\" content=\"El vino de naranja es un vino aromatizado. Tiene similitudes con Vermut. La principal diferencia es en la maceraci\u00f3n de la piel de naranja que no se hace con el vino.\" \/>\n<meta name=\"robots\" content=\"index, follow, max-snippet:-1, max-image-preview:large, max-video-preview:-1\" \/>\n<link rel=\"canonical\" href=\"https:\/\/www.lessaveursdespagne.com\/es\/producto\/botella-de-vino-de-naranja-1l\/\" \/>\n<meta property=\"og:locale\" content=\"es_ES\" \/>\n<meta property=\"og:type\" content=\"article\" \/>\n<meta property=\"og:title\" content=\"Botella de vino de naranja 1L\" \/>\n<meta property=\"og:description\" content=\"El vino de naranja es un vino aromatizado. Tiene similitudes con Vermut. La principal diferencia es en la maceraci\u00f3n de la piel de naranja que no se hace con el vino.\" \/>\n<meta property=\"og:url\" content=\"https:\/\/www.lessaveursdespagne.com\/es\/producto\/botella-de-vino-de-naranja-1l\/\" \/>\n<meta property=\"og:site_name\" content=\"Les Saveurs d&#039;Espagne\" \/>\n<meta property=\"og:image\" content=\"https:\/\/www.lessaveursdespagne.com\/wp-content\/uploads\/2022\/08\/bouteille-de-vin-doranges-1l.jpg\" \/>\n\t<meta property=\"og:image:width\" content=\"1200\" \/>\n\t<meta property=\"og:image:height\" content=\"1200\" \/>\n\t<meta property=\"og:image:type\" content=\"image\/jpeg\" \/>\n<meta name=\"twitter:card\" content=\"summary_large_image\" \/>\n<script type=\"application\/ld+json\" class=\"yoast-schema-graph\">{\"@context\":\"https:\\\/\\\/schema.org\",\"@graph\":[{\"@type\":\"WebPage\",\"@id\":\"https:\\\/\\\/www.lessaveursdespagne.com\\\/es\\\/producto\\\/botella-de-vino-de-naranja-1l\\\/\",\"url\":\"https:\\\/\\\/www.lessaveursdespagne.com\\\/es\\\/producto\\\/botella-de-vino-de-naranja-1l\\\/\",\"name\":\"Botella de vino de naranja 1L\",\"isPartOf\":{\"@id\":\"https:\\\/\\\/www.lessaveursdespagne.com\\\/es\\\/#website\"},\"primaryImageOfPage\":{\"@id\":\"https:\\\/\\\/www.lessaveursdespagne.com\\\/es\\\/producto\\\/botella-de-vino-de-naranja-1l\\\/#primaryimage\"},\"image\":{\"@id\":\"https:\\\/\\\/www.lessaveursdespagne.com\\\/es\\\/producto\\\/botella-de-vino-de-naranja-1l\\\/#primaryimage\"},\"thumbnailUrl\":\"https:\\\/\\\/www.lessaveursdespagne.com\\\/wp-content\\\/uploads\\\/2022\\\/08\\\/bouteille-de-vin-doranges-1l.jpg\",\"datePublished\":\"2022-08-03T13:33:09+00:00\",\"description\":\"El vino de naranja es un vino aromatizado. Tiene similitudes con Vermut. La principal diferencia es en la maceraci\u00f3n de la piel de naranja que no se hace con el vino.\",\"breadcrumb\":{\"@id\":\"https:\\\/\\\/www.lessaveursdespagne.com\\\/es\\\/producto\\\/botella-de-vino-de-naranja-1l\\\/#breadcrumb\"},\"inLanguage\":\"es\",\"potentialAction\":[{\"@type\":\"ReadAction\",\"target\":[\"https:\\\/\\\/www.lessaveursdespagne.com\\\/es\\\/producto\\\/botella-de-vino-de-naranja-1l\\\/\"]}]},{\"@type\":\"ImageObject\",\"inLanguage\":\"es\",\"@id\":\"https:\\\/\\\/www.lessaveursdespagne.com\\\/es\\\/producto\\\/botella-de-vino-de-naranja-1l\\\/#primaryimage\",\"url\":\"https:\\\/\\\/www.lessaveursdespagne.com\\\/wp-content\\\/uploads\\\/2022\\\/08\\\/bouteille-de-vin-doranges-1l.jpg\",\"contentUrl\":\"https:\\\/\\\/www.lessaveursdespagne.com\\\/wp-content\\\/uploads\\\/2022\\\/08\\\/bouteille-de-vin-doranges-1l.jpg\",\"width\":1200,\"height\":1200,\"caption\":\"Botella de vino de naranja 500ml\"},{\"@type\":\"BreadcrumbList\",\"@id\":\"https:\\\/\\\/www.lessaveursdespagne.com\\\/es\\\/producto\\\/botella-de-vino-de-naranja-1l\\\/#breadcrumb\",\"itemListElement\":[{\"@type\":\"ListItem\",\"position\":1,\"name\":\"Home\",\"item\":\"https:\\\/\\\/www.lessaveursdespagne.com\\\/es\\\/\"},{\"@type\":\"ListItem\",\"position\":2,\"name\":\"Tienda\",\"item\":\"https:\\\/\\\/www.lessaveursdespagne.com\\\/es\\\/tienda\\\/\"},{\"@type\":\"ListItem\",\"position\":3,\"name\":\"Botella de vino de naranja 1L\"}]},{\"@type\":\"WebSite\",\"@id\":\"https:\\\/\\\/www.lessaveursdespagne.com\\\/es\\\/#website\",\"url\":\"https:\\\/\\\/www.lessaveursdespagne.com\\\/es\\\/\",\"name\":\"Les Saveurs d&#039;Espagne\",\"description\":\"Vente de produits espagnols locaux et artisanaux\",\"publisher\":{\"@id\":\"https:\\\/\\\/www.lessaveursdespagne.com\\\/es\\\/#organization\"},\"potentialAction\":[{\"@type\":\"SearchAction\",\"target\":{\"@type\":\"EntryPoint\",\"urlTemplate\":\"https:\\\/\\\/www.lessaveursdespagne.com\\\/es\\\/?s={search_term_string}\"},\"query-input\":{\"@type\":\"PropertyValueSpecification\",\"valueRequired\":true,\"valueName\":\"search_term_string\"}}],\"inLanguage\":\"es\"},{\"@type\":\"Organization\",\"@id\":\"https:\\\/\\\/www.lessaveursdespagne.com\\\/es\\\/#organization\",\"name\":\"Les Saveurs d&#039;Espagne\",\"url\":\"https:\\\/\\\/www.lessaveursdespagne.com\\\/es\\\/\",\"logo\":{\"@type\":\"ImageObject\",\"inLanguage\":\"es\",\"@id\":\"https:\\\/\\\/www.lessaveursdespagne.com\\\/es\\\/#\\\/schema\\\/logo\\\/image\\\/\",\"url\":\"https:\\\/\\\/www.lessaveursdespagne.com\\\/wp-content\\\/uploads\\\/2021\\\/10\\\/logo.png\",\"contentUrl\":\"https:\\\/\\\/www.lessaveursdespagne.com\\\/wp-content\\\/uploads\\\/2021\\\/10\\\/logo.png\",\"width\":300,\"height\":86,\"caption\":\"Les Saveurs d&#039;Espagne\"},\"image\":{\"@id\":\"https:\\\/\\\/www.lessaveursdespagne.com\\\/es\\\/#\\\/schema\\\/logo\\\/image\\\/\"}}]}<\/script>\n<!-- \/ Yoast SEO plugin. -->","yoast_head_json":{"title":"Botella de vino de naranja 1L","description":"El vino de naranja es un vino aromatizado. Tiene similitudes con Vermut. La principal diferencia es en la maceraci\u00f3n de la piel de naranja que no se hace con el vino.","robots":{"index":"index","follow":"follow","max-snippet":"max-snippet:-1","max-image-preview":"max-image-preview:large","max-video-preview":"max-video-preview:-1"},"canonical":"https:\/\/www.lessaveursdespagne.com\/es\/producto\/botella-de-vino-de-naranja-1l\/","og_locale":"es_ES","og_type":"article","og_title":"Botella de vino de naranja 1L","og_description":"El vino de naranja es un vino aromatizado. Tiene similitudes con Vermut. La principal diferencia es en la maceraci\u00f3n de la piel de naranja que no se hace con el vino.","og_url":"https:\/\/www.lessaveursdespagne.com\/es\/producto\/botella-de-vino-de-naranja-1l\/","og_site_name":"Les Saveurs d&#039;Espagne","og_image":[{"width":1200,"height":1200,"url":"https:\/\/www.lessaveursdespagne.com\/wp-content\/uploads\/2022\/08\/bouteille-de-vin-doranges-1l.jpg","type":"image\/jpeg"}],"twitter_card":"summary_large_image","schema":{"@context":"https:\/\/schema.org","@graph":[{"@type":"WebPage","@id":"https:\/\/www.lessaveursdespagne.com\/es\/producto\/botella-de-vino-de-naranja-1l\/","url":"https:\/\/www.lessaveursdespagne.com\/es\/producto\/botella-de-vino-de-naranja-1l\/","name":"Botella de vino de naranja 1L","isPartOf":{"@id":"https:\/\/www.lessaveursdespagne.com\/es\/#website"},"primaryImageOfPage":{"@id":"https:\/\/www.lessaveursdespagne.com\/es\/producto\/botella-de-vino-de-naranja-1l\/#primaryimage"},"image":{"@id":"https:\/\/www.lessaveursdespagne.com\/es\/producto\/botella-de-vino-de-naranja-1l\/#primaryimage"},"thumbnailUrl":"https:\/\/www.lessaveursdespagne.com\/wp-content\/uploads\/2022\/08\/bouteille-de-vin-doranges-1l.jpg","datePublished":"2022-08-03T13:33:09+00:00","description":"El vino de naranja es un vino aromatizado. Tiene similitudes con Vermut. La principal diferencia es en la maceraci\u00f3n de la piel de naranja que no se hace con el vino.","breadcrumb":{"@id":"https:\/\/www.lessaveursdespagne.com\/es\/producto\/botella-de-vino-de-naranja-1l\/#breadcrumb"},"inLanguage":"es","potentialAction":[{"@type":"ReadAction","target":["https:\/\/www.lessaveursdespagne.com\/es\/producto\/botella-de-vino-de-naranja-1l\/"]}]},{"@type":"ImageObject","inLanguage":"es","@id":"https:\/\/www.lessaveursdespagne.com\/es\/producto\/botella-de-vino-de-naranja-1l\/#primaryimage","url":"https:\/\/www.lessaveursdespagne.com\/wp-content\/uploads\/2022\/08\/bouteille-de-vin-doranges-1l.jpg","contentUrl":"https:\/\/www.lessaveursdespagne.com\/wp-content\/uploads\/2022\/08\/bouteille-de-vin-doranges-1l.jpg","width":1200,"height":1200,"caption":"Botella de vino de naranja 500ml"},{"@type":"BreadcrumbList","@id":"https:\/\/www.lessaveursdespagne.com\/es\/producto\/botella-de-vino-de-naranja-1l\/#breadcrumb","itemListElement":[{"@type":"ListItem","position":1,"name":"Home","item":"https:\/\/www.lessaveursdespagne.com\/es\/"},{"@type":"ListItem","position":2,"name":"Tienda","item":"https:\/\/www.lessaveursdespagne.com\/es\/tienda\/"},{"@type":"ListItem","position":3,"name":"Botella de vino de naranja 1L"}]},{"@type":"WebSite","@id":"https:\/\/www.lessaveursdespagne.com\/es\/#website","url":"https:\/\/www.lessaveursdespagne.com\/es\/","name":"Les Saveurs d&#039;Espagne","description":"Vente de produits espagnols locaux et artisanaux","publisher":{"@id":"https:\/\/www.lessaveursdespagne.com\/es\/#organization"},"potentialAction":[{"@type":"SearchAction","target":{"@type":"EntryPoint","urlTemplate":"https:\/\/www.lessaveursdespagne.com\/es\/?s={search_term_string}"},"query-input":{"@type":"PropertyValueSpecification","valueRequired":true,"valueName":"search_term_string"}}],"inLanguage":"es"},{"@type":"Organization","@id":"https:\/\/www.lessaveursdespagne.com\/es\/#organization","name":"Les Saveurs d&#039;Espagne","url":"https:\/\/www.lessaveursdespagne.com\/es\/","logo":{"@type":"ImageObject","inLanguage":"es","@id":"https:\/\/www.lessaveursdespagne.com\/es\/#\/schema\/logo\/image\/","url":"https:\/\/www.lessaveursdespagne.com\/wp-content\/uploads\/2021\/10\/logo.png","contentUrl":"https:\/\/www.lessaveursdespagne.com\/wp-content\/uploads\/2021\/10\/logo.png","width":300,"height":86,"caption":"Les Saveurs d&#039;Espagne"},"image":{"@id":"https:\/\/www.lessaveursdespagne.com\/es\/#\/schema\/logo\/image\/"}}]}},"_links":{"self":[{"href":"https:\/\/www.lessaveursdespagne.com\/es\/wp-json\/wp\/v2\/product\/13218","targetHints":{"allow":["GET"]}}],"collection":[{"href":"https:\/\/www.lessaveursdespagne.com\/es\/wp-json\/wp\/v2\/product"}],"about":[{"href":"https:\/\/www.lessaveursdespagne.com\/es\/wp-json\/wp\/v2\/types\/product"}],"replies":[{"embeddable":true,"href":"https:\/\/www.lessaveursdespagne.com\/es\/wp-json\/wp\/v2\/comments?post=13218"}],"wp:featuredmedia":[{"embeddable":true,"href":"https:\/\/www.lessaveursdespagne.com\/es\/wp-json\/wp\/v2\/media\/12388"}],"wp:attachment":[{"href":"https:\/\/www.lessaveursdespagne.com\/es\/wp-json\/wp\/v2\/media?parent=13218"}],"wp:term":[{"taxonomy":"product_cat","embeddable":true,"href":"https:\/\/www.lessaveursdespagne.com\/es\/wp-json\/wp\/v2\/product_cat?post=13218"},{"taxonomy":"product_tag","embeddable":true,"href":"https:\/\/www.lessaveursdespagne.com\/es\/wp-json\/wp\/v2\/product_tag?post=13218"}],"curies":[{"name":"wp","href":"https:\/\/api.w.org\/{rel}","templated":true}]}}